{"id":301,"date":"2023-06-16T12:10:54","date_gmt":"2023-06-16T10:10:54","guid":{"rendered":"https:\/\/soulie-coste-floret.fr\/?page_id=301"},"modified":"2023-10-24T09:50:54","modified_gmt":"2023-10-24T07:50:54","slug":"benedicte-esquelisse","status":"publish","type":"page","link":"https:\/\/soulie-coste-floret.fr\/en\/benedicte-esquelisse\/","title":{"rendered":"B\u00e9n\u00e9dicte Esquelisse"},"content":{"rendered":"<div data-elementor-type=\"wp-page\" data-elementor-id=\"301\" class=\"elementor elementor-301\" data-elementor-post-type=\"page\">\n\t\t\t\t\t\t\t<div class=\"elementor-element elementor-element-34ebc37 e-con-full e-flex e-con e-parent\" data-id=\"34ebc37\" data-element_type=\"container\" data-settings=\"{&quot;content_width&quot;:&quot;full&quot;}\" data-core-v316-plus=\"true\">\n\t\t<div class=\"elementor-element elementor-element-6514ff1 e-con-full e-flex e-con e-child\" data-id=\"6514ff1\" data-element_type=\"container\" data-settings=\"{&quot;content_width&quot;:&quot;full&quot;,&quot;background_background&quot;:&quot;classic&quot;}\">\n\t\t<a class=\"elementor-element elementor-element-4eb6c0f elementor-hidden-mobile e-flex e-con-boxed e-con e-child\" data-id=\"4eb6c0f\" data-element_type=\"container\" data-settings=\"{&quot;content_width&quot;:&quot;boxed&quot;}\" href=\"https:\/\/soulie-coste-floret.fr\/en\/equipe\/\">\n\t\t\t\t\t<div class=\"e-con-inner\">\n\t\t\t\t<div class=\"elementor-element elementor-element-6e77b8f elementor-widget elementor-widget-heading\" data-id=\"6e77b8f\" data-element_type=\"widget\" data-widget_type=\"heading.default\">\n\t\t\t\t<div class=\"elementor-widget-container\">\n\t\t\t<style>\/*! elementor - v3.18.0 - 20-12-2023 *\/\n.elementor-heading-title{padding:0;margin:0;line-height:1}.elementor-widget-heading .elementor-heading-title[class*=elementor-size-]>a{color:inherit;font-size:inherit;line-height:inherit}.elementor-widget-heading .elementor-heading-title.elementor-size-small{font-size:15px}.elementor-widget-heading .elementor-heading-title.elementor-size-medium{font-size:19px}.elementor-widget-heading .elementor-heading-title.elementor-size-large{font-size:29px}.elementor-widget-heading .elementor-heading-title.elementor-size-xl{font-size:39px}.elementor-widget-heading .elementor-heading-title.elementor-size-xxl{font-size:59px}<\/style><h2 class=\"elementor-heading-title elementor-size-default\">The Team<\/h2>\t\t<\/div>\n\t\t\t\t<\/div>\n\t\t\t\t<div class=\"elementor-element elementor-element-8a2c435 elementor-view-default elementor-widget elementor-widget-icon\" data-id=\"8a2c435\" data-element_type=\"widget\" data-widget_type=\"icon.default\">\n\t\t\t\t<div class=\"elementor-widget-container\">\n\t\t\t\t\t<div class=\"elementor-icon-wrapper\">\n\t\t\t<div class=\"elementor-icon\">\n\t\t\t<i aria-hidden=\"true\" class=\"fas fa-long-arrow-alt-left\"><\/i>\t\t\t<\/div>\n\t\t<\/div>\n\t\t\t\t<\/div>\n\t\t\t\t<\/div>\n\t\t\t\t\t<\/div>\n\t\t\t\t<\/a>\n\t\t\t\t<\/div>\n\t\t<div class=\"elementor-element elementor-element-502f3c0 e-con-full e-flex e-con e-child\" data-id=\"502f3c0\" data-element_type=\"container\" data-settings=\"{&quot;content_width&quot;:&quot;full&quot;}\">\n\t\t<div class=\"elementor-element elementor-element-09ec8a7 e-con-full e-flex e-con e-child\" data-id=\"09ec8a7\" data-element_type=\"container\" data-settings=\"{&quot;content_width&quot;:&quot;full&quot;}\">\n\t\t<a class=\"elementor-element elementor-element-d97fb5b elementor-hidden-desktop elementor-hidden-tablet e-flex e-con-boxed e-con e-child\" data-id=\"d97fb5b\" data-element_type=\"container\" data-settings=\"{&quot;content_width&quot;:&quot;boxed&quot;}\" href=\"https:\/\/soulie-coste-floret.fr\/en\/equipe\/\">\n\t\t\t\t\t<div class=\"e-con-inner\">\n\t\t\t\t<div class=\"elementor-element elementor-element-06e0a04 elementor-widget elementor-widget-heading\" data-id=\"06e0a04\" data-element_type=\"widget\" data-widget_type=\"heading.default\">\n\t\t\t\t<div class=\"elementor-widget-container\">\n\t\t\t<h2 class=\"elementor-heading-title elementor-size-default\">The Team<\/h2>\t\t<\/div>\n\t\t\t\t<\/div>\n\t\t\t\t<div class=\"elementor-element elementor-element-b27a362 elementor-view-default elementor-widget elementor-widget-icon\" data-id=\"b27a362\" data-element_type=\"widget\" data-widget_type=\"icon.default\">\n\t\t\t\t<div class=\"elementor-widget-container\">\n\t\t\t\t\t<div class=\"elementor-icon-wrapper\">\n\t\t\t<div class=\"elementor-icon\">\n\t\t\t<i aria-hidden=\"true\" class=\"fas fa-long-arrow-alt-left\"><\/i>\t\t\t<\/div>\n\t\t<\/div>\n\t\t\t\t<\/div>\n\t\t\t\t<\/div>\n\t\t\t\t\t<\/div>\n\t\t\t\t<\/a>\n\t\t<div class=\"elementor-element elementor-element-324cd42 e-con-full e-flex e-con e-child\" data-id=\"324cd42\" data-element_type=\"container\" data-settings=\"{&quot;content_width&quot;:&quot;full&quot;}\">\n\t\t\t\t<div class=\"elementor-element elementor-element-91ac76a elementor-widget elementor-widget-heading\" data-id=\"91ac76a\" data-element_type=\"widget\" data-widget_type=\"heading.default\">\n\t\t\t\t<div class=\"elementor-widget-container\">\n\t\t\t<span class=\"elementor-heading-title elementor-size-default\">PARTNER<\/span>\t\t<\/div>\n\t\t\t\t<\/div>\n\t\t\t\t<div class=\"elementor-element elementor-element-e76cbb5 elementor-widget elementor-widget-heading\" data-id=\"e76cbb5\" data-element_type=\"widget\" data-widget_type=\"heading.default\">\n\t\t\t\t<div class=\"elementor-widget-container\">\n\t\t\t<span class=\"elementor-heading-title elementor-size-default\">B\u00e9n\u00e9dicte Esquelisse<\/span>\t\t<\/div>\n\t\t\t\t<\/div>\n\t\t\t\t<div class=\"elementor-element elementor-element-c700c83 elementor-widget elementor-widget-heading\" data-id=\"c700c83\" data-element_type=\"widget\" data-widget_type=\"heading.default\">\n\t\t\t\t<div class=\"elementor-widget-container\">\n\t\t\t<span class=\"elementor-heading-title elementor-size-default\">b.esquelisse@coste-floret.com<\/span>\t\t<\/div>\n\t\t\t\t<\/div>\n\t\t\t\t<div class=\"elementor-element elementor-element-89a64b3 elementor-widget elementor-widget-heading\" data-id=\"89a64b3\" data-element_type=\"widget\" data-widget_type=\"heading.default\">\n\t\t\t\t<div class=\"elementor-widget-container\">\n\t\t\t<span class=\"elementor-heading-title elementor-size-default\">Sworn in as a member of the bar: 2002<\/span>\t\t<\/div>\n\t\t\t\t<\/div>\n\t\t\t\t<div class=\"elementor-element elementor-element-b4ddb04 elementor-widget elementor-widget-text-editor\" data-id=\"b4ddb04\" data-element_type=\"widget\" data-widget_type=\"text-editor.default\">\n\t\t\t\t<div class=\"elementor-widget-container\">\n\t\t\t<style>\/*! elementor - v3.18.0 - 20-12-2023 *\/\n.elementor-widget-text-editor.elementor-drop-cap-view-stacked .elementor-drop-cap{background-color:#69727d;color:#fff}.elementor-widget-text-editor.elementor-drop-cap-view-framed .elementor-drop-cap{color:#69727d;border:3px solid;background-color:transparent}.elementor-widget-text-editor:not(.elementor-drop-cap-view-default) .elementor-drop-cap{margin-top:8px}.elementor-widget-text-editor:not(.elementor-drop-cap-view-default) .elementor-drop-cap-letter{width:1em;height:1em}.elementor-widget-text-editor .elementor-drop-cap{float:left;text-align:center;line-height:1;font-size:50px}.elementor-widget-text-editor .elementor-drop-cap-letter{display:inline-block}<\/style>\t\t\t\t<p class=\" translation-block\">Main areas of expertise: Insurance, Industrial Risks \/ Product Liability, Professional Liability, Collective Accidents, Tourism Law, Personal Injury.<\/p>\t\t\t\t\t\t<\/div>\n\t\t\t\t<\/div>\n\t\t\t\t<\/div>\n\t\t\t\t<\/div>\n\t\t<div class=\"elementor-element elementor-element-33b856d e-con-full e-flex e-con e-child\" data-id=\"33b856d\" data-element_type=\"container\" data-settings=\"{&quot;content_width&quot;:&quot;full&quot;,&quot;background_background&quot;:&quot;classic&quot;}\">\n\t\t<div class=\"elementor-element elementor-element-d9a300f e-con-full e-flex e-con e-child\" data-id=\"d9a300f\" data-element_type=\"container\" data-settings=\"{&quot;content_width&quot;:&quot;full&quot;,&quot;background_background&quot;:&quot;classic&quot;}\">\n\t\t<div class=\"elementor-element elementor-element-b9eabe3 e-flex e-con-boxed e-con e-child\" data-id=\"b9eabe3\" data-element_type=\"container\" data-settings=\"{&quot;content_width&quot;:&quot;boxed&quot;}\">\n\t\t\t\t\t<div class=\"e-con-inner\">\n\t\t<div class=\"elementor-element elementor-element-38d833b e-flex e-con-boxed e-con e-child\" data-id=\"38d833b\" data-element_type=\"container\" data-settings=\"{&quot;content_width&quot;:&quot;boxed&quot;}\">\n\t\t\t\t\t<div class=\"e-con-inner\">\n\t\t<div class=\"elementor-element elementor-element-e421fd4 e-flex e-con-boxed e-con e-child\" data-id=\"e421fd4\" data-element_type=\"container\" data-settings=\"{&quot;content_width&quot;:&quot;boxed&quot;}\">\n\t\t\t\t\t<div class=\"e-con-inner\">\n\t\t\t\t<div class=\"elementor-element elementor-element-3921ab2 elementor-widget elementor-widget-text-editor\" data-id=\"3921ab2\" data-element_type=\"widget\" data-widget_type=\"text-editor.default\">\n\t\t\t\t<div class=\"elementor-widget-container\">\n\t\t\t\t\t\t\t<p class=\" translation-block\">B\u00e9n\u00e9dicte ESQUELISSE holds a postgraduate diploma (DEA) in general private law. She joined the firm as an associate at the end of 2001 and became a partner in 2011.<\/p>\t\t\t\t\t\t<\/div>\n\t\t\t\t<\/div>\n\t\t\t\t\t<\/div>\n\t\t\t\t<\/div>\n\t\t<div class=\"elementor-element elementor-element-a49c10f e-flex e-con-boxed e-con e-child\" data-id=\"a49c10f\" data-element_type=\"container\" data-settings=\"{&quot;content_width&quot;:&quot;boxed&quot;}\">\n\t\t\t\t\t<div class=\"e-con-inner\">\n\t\t\t\t<div class=\"elementor-element elementor-element-5f7dcb5 elementor-widget elementor-widget-text-editor\" data-id=\"5f7dcb5\" data-element_type=\"widget\" data-widget_type=\"text-editor.default\">\n\t\t\t\t<div class=\"elementor-widget-container\">\n\t\t\t\t\t\t\t<p>She has acquired specific expertise in industrial disasters, collective accidents and serial claims, particularly in setting up innovative compensation procedures adapted to multiple claims and incorporating both legal and media risks.<\/p><p>Amongst other cases, she has worked on the AZF explosion, the Allinges rail accident, the PIP breast implant fraud and \u201cbusiness interruption loss\u201d disputes relating to the Covid-19 pandemic.<\/p>\t\t\t\t\t\t<\/div>\n\t\t\t\t<\/div>\n\t\t\t\t\t<\/div>\n\t\t\t\t<\/div>\n\t\t\t\t\t<\/div>\n\t\t\t\t<\/div>\n\t\t\t\t\t<\/div>\n\t\t\t\t<\/div>\n\t\t\t\t<\/div>\n\t\t\t\t<\/div>\n\t\t\t\t<\/div>\n\t\t\t\t<\/div>\n\t\t\t\t\t\t\t<\/div>","protected":false},"excerpt":{"rendered":"<p>L&rsquo;\u00e9quipe L&rsquo;\u00e9quipe Avocat Associ\u00e9 B\u00e9n\u00e9dicte Esquelisse b.esquelisse@coste-floret.com Ann\u00e9e de prestation de serment : 2002 Principaux domaines d\u2019expertise : Assurance,\u00a0Risques industriels \/ RC produit,\u00a0Responsabilit\u00e9 civile professionnelle,\u00a0Accidents collectifs, Droit du tourisme \/ R\u00e9paration du dommage corporel. B\u00e9n\u00e9dicte ESQUELISSE est titulaire d\u2019un DEA de droit priv\u00e9 g\u00e9n\u00e9ral et a rejoint le cabinet comme collaboratrice fin 2001, avant d\u2019\u00eatre [&hellip;]<\/p>","protected":false},"author":1,"featured_media":0,"parent":0,"menu_order":0,"comment_status":"closed","ping_status":"closed","template":"elementor_header_footer","meta":{"footnotes":""},"class_list":["post-301","page","type-page","status-publish","hentry"],"acf":[],"yoast_head":"<!-- This site is optimized with the Yoast SEO plugin v21.9 - https:\/\/yoast.com\/wordpress\/plugins\/seo\/ -->\n<title>B\u00e9n\u00e9dicte Esquelisse - Souli\u00e9 - Coste Floret<\/title>\n<meta name=\"robots\" content=\"index, follow, max-snippet:-1, max-image-preview:large, max-video-preview:-1\" \/>\n<link rel=\"canonical\" href=\"https:\/\/soulie-coste-floret.fr\/en\/benedicte-esquelisse\/\" \/>\n<meta property=\"og:locale\" content=\"en_GB\" \/>\n<meta property=\"og:type\" content=\"article\" \/>\n<meta property=\"og:title\" content=\"B\u00e9n\u00e9dicte Esquelisse - Souli\u00e9 - Coste Floret\" \/>\n<meta property=\"og:description\" content=\"L&rsquo;\u00e9quipe L&rsquo;\u00e9quipe Avocat Associ\u00e9 B\u00e9n\u00e9dicte Esquelisse b.esquelisse@coste-floret.com Ann\u00e9e de prestation de serment : 2002 Principaux domaines d\u2019expertise : Assurance,\u00a0Risques industriels \/ RC produit,\u00a0Responsabilit\u00e9 civile professionnelle,\u00a0Accidents collectifs, Droit du tourisme \/ R\u00e9paration du dommage corporel. B\u00e9n\u00e9dicte ESQUELISSE est titulaire d\u2019un DEA de droit priv\u00e9 g\u00e9n\u00e9ral et a rejoint le cabinet comme collaboratrice fin 2001, avant d\u2019\u00eatre [&hellip;]\" \/>\n<meta property=\"og:url\" content=\"https:\/\/soulie-coste-floret.fr\/en\/benedicte-esquelisse\/\" \/>\n<meta property=\"og:site_name\" content=\"Souli\u00e9 - Coste Floret\" \/>\n<meta property=\"article:modified_time\" content=\"2023-10-24T07:50:54+00:00\" \/>\n<meta name=\"twitter:card\" content=\"summary_large_image\" \/>\n<meta name=\"twitter:label1\" content=\"Estimated reading time\" \/>\n\t<meta name=\"twitter:data1\" content=\"1 minute\" \/>\n<script type=\"application\/ld+json\" class=\"yoast-schema-graph\">{\"@context\":\"https:\/\/schema.org\",\"@graph\":[{\"@type\":\"WebPage\",\"@id\":\"https:\/\/soulie-coste-floret.fr\/benedicte-esquelisse\/\",\"url\":\"https:\/\/soulie-coste-floret.fr\/benedicte-esquelisse\/\",\"name\":\"B\u00e9n\u00e9dicte Esquelisse - Souli\u00e9 - Coste Floret\",\"isPartOf\":{\"@id\":\"https:\/\/soulie-coste-floret.fr\/#website\"},\"datePublished\":\"2023-06-16T10:10:54+00:00\",\"dateModified\":\"2023-10-24T07:50:54+00:00\",\"breadcrumb\":{\"@id\":\"https:\/\/soulie-coste-floret.fr\/benedicte-esquelisse\/#breadcrumb\"},\"inLanguage\":\"en-GB\",\"potentialAction\":[{\"@type\":\"ReadAction\",\"target\":[\"https:\/\/soulie-coste-floret.fr\/benedicte-esquelisse\/\"]}]},{\"@type\":\"BreadcrumbList\",\"@id\":\"https:\/\/soulie-coste-floret.fr\/benedicte-esquelisse\/#breadcrumb\",\"itemListElement\":[{\"@type\":\"ListItem\",\"position\":1,\"name\":\"Accueil\",\"item\":\"https:\/\/soulie-coste-floret.fr\/\"},{\"@type\":\"ListItem\",\"position\":2,\"name\":\"B\u00e9n\u00e9dicte Esquelisse\"}]},{\"@type\":\"WebSite\",\"@id\":\"https:\/\/soulie-coste-floret.fr\/#website\",\"url\":\"https:\/\/soulie-coste-floret.fr\/\",\"name\":\"Souli\u00e9 - Coste Floret\",\"description\":\"\",\"publisher\":{\"@id\":\"https:\/\/soulie-coste-floret.fr\/#organization\"},\"potentialAction\":[{\"@type\":\"SearchAction\",\"target\":{\"@type\":\"EntryPoint\",\"urlTemplate\":\"https:\/\/soulie-coste-floret.fr\/?s={search_term_string}\"},\"query-input\":\"required name=search_term_string\"}],\"inLanguage\":\"en-GB\"},{\"@type\":\"Organization\",\"@id\":\"https:\/\/soulie-coste-floret.fr\/#organization\",\"name\":\"Souli\u00e9 - Coste Floret\",\"url\":\"https:\/\/soulie-coste-floret.fr\/\",\"logo\":{\"@type\":\"ImageObject\",\"inLanguage\":\"en-GB\",\"@id\":\"https:\/\/soulie-coste-floret.fr\/#\/schema\/logo\/image\/\",\"url\":\"https:\/\/soulie-coste-floret.fr\/wp-content\/uploads\/2023\/09\/cropped-logo-scf.png\",\"contentUrl\":\"https:\/\/soulie-coste-floret.fr\/wp-content\/uploads\/2023\/09\/cropped-logo-scf.png\",\"width\":384,\"height\":232,\"caption\":\"Souli\u00e9 - Coste Floret\"},\"image\":{\"@id\":\"https:\/\/soulie-coste-floret.fr\/#\/schema\/logo\/image\/\"}}]}<\/script>\n<!-- \/ Yoast SEO plugin. -->","yoast_head_json":{"title":"B\u00e9n\u00e9dicte Esquelisse - Souli\u00e9 - Coste Floret","robots":{"index":"index","follow":"follow","max-snippet":"max-snippet:-1","max-image-preview":"max-image-preview:large","max-video-preview":"max-video-preview:-1"},"canonical":"https:\/\/soulie-coste-floret.fr\/en\/benedicte-esquelisse\/","og_locale":"en_GB","og_type":"article","og_title":"B\u00e9n\u00e9dicte Esquelisse - Souli\u00e9 - Coste Floret","og_description":"L&rsquo;\u00e9quipe L&rsquo;\u00e9quipe Avocat Associ\u00e9 B\u00e9n\u00e9dicte Esquelisse b.esquelisse@coste-floret.com Ann\u00e9e de prestation de serment : 2002 Principaux domaines d\u2019expertise : Assurance,\u00a0Risques industriels \/ RC produit,\u00a0Responsabilit\u00e9 civile professionnelle,\u00a0Accidents collectifs, Droit du tourisme \/ R\u00e9paration du dommage corporel. B\u00e9n\u00e9dicte ESQUELISSE est titulaire d\u2019un DEA de droit priv\u00e9 g\u00e9n\u00e9ral et a rejoint le cabinet comme collaboratrice fin 2001, avant d\u2019\u00eatre [&hellip;]","og_url":"https:\/\/soulie-coste-floret.fr\/en\/benedicte-esquelisse\/","og_site_name":"Souli\u00e9 - Coste Floret","article_modified_time":"2023-10-24T07:50:54+00:00","twitter_card":"summary_large_image","twitter_misc":{"Estimated reading time":"1 minute"},"schema":{"@context":"https:\/\/schema.org","@graph":[{"@type":"WebPage","@id":"https:\/\/soulie-coste-floret.fr\/benedicte-esquelisse\/","url":"https:\/\/soulie-coste-floret.fr\/benedicte-esquelisse\/","name":"B\u00e9n\u00e9dicte Esquelisse - Souli\u00e9 - Coste Floret","isPartOf":{"@id":"https:\/\/soulie-coste-floret.fr\/#website"},"datePublished":"2023-06-16T10:10:54+00:00","dateModified":"2023-10-24T07:50:54+00:00","breadcrumb":{"@id":"https:\/\/soulie-coste-floret.fr\/benedicte-esquelisse\/#breadcrumb"},"inLanguage":"en-GB","potentialAction":[{"@type":"ReadAction","target":["https:\/\/soulie-coste-floret.fr\/benedicte-esquelisse\/"]}]},{"@type":"BreadcrumbList","@id":"https:\/\/soulie-coste-floret.fr\/benedicte-esquelisse\/#breadcrumb","itemListElement":[{"@type":"ListItem","position":1,"name":"Accueil","item":"https:\/\/soulie-coste-floret.fr\/"},{"@type":"ListItem","position":2,"name":"B\u00e9n\u00e9dicte Esquelisse"}]},{"@type":"WebSite","@id":"https:\/\/soulie-coste-floret.fr\/#website","url":"https:\/\/soulie-coste-floret.fr\/","name":"Souli\u00e9 - Coste Floret","description":"","publisher":{"@id":"https:\/\/soulie-coste-floret.fr\/#organization"},"potentialAction":[{"@type":"SearchAction","target":{"@type":"EntryPoint","urlTemplate":"https:\/\/soulie-coste-floret.fr\/?s={search_term_string}"},"query-input":"required name=search_term_string"}],"inLanguage":"en-GB"},{"@type":"Organization","@id":"https:\/\/soulie-coste-floret.fr\/#organization","name":"Souli\u00e9 - Coste Floret","url":"https:\/\/soulie-coste-floret.fr\/","logo":{"@type":"ImageObject","inLanguage":"en-GB","@id":"https:\/\/soulie-coste-floret.fr\/#\/schema\/logo\/image\/","url":"https:\/\/soulie-coste-floret.fr\/wp-content\/uploads\/2023\/09\/cropped-logo-scf.png","contentUrl":"https:\/\/soulie-coste-floret.fr\/wp-content\/uploads\/2023\/09\/cropped-logo-scf.png","width":384,"height":232,"caption":"Souli\u00e9 - Coste Floret"},"image":{"@id":"https:\/\/soulie-coste-floret.fr\/#\/schema\/logo\/image\/"}}]}},"_links":{"self":[{"href":"https:\/\/soulie-coste-floret.fr\/en\/wp-json\/wp\/v2\/pages\/301","targetHints":{"allow":["GET"]}}],"collection":[{"href":"https:\/\/soulie-coste-floret.fr\/en\/wp-json\/wp\/v2\/pages"}],"about":[{"href":"https:\/\/soulie-coste-floret.fr\/en\/wp-json\/wp\/v2\/types\/page"}],"author":[{"embeddable":true,"href":"https:\/\/soulie-coste-floret.fr\/en\/wp-json\/wp\/v2\/users\/1"}],"replies":[{"embeddable":true,"href":"https:\/\/soulie-coste-floret.fr\/en\/wp-json\/wp\/v2\/comments?post=301"}],"version-history":[{"count":79,"href":"https:\/\/soulie-coste-floret.fr\/en\/wp-json\/wp\/v2\/pages\/301\/revisions"}],"predecessor-version":[{"id":2927,"href":"https:\/\/soulie-coste-floret.fr\/en\/wp-json\/wp\/v2\/pages\/301\/revisions\/2927"}],"wp:attachment":[{"href":"https:\/\/soulie-coste-floret.fr\/en\/wp-json\/wp\/v2\/media?parent=301"}],"curies":[{"name":"wp","href":"https:\/\/api.w.org\/{rel}","templated":true}]}}