{"id":416,"date":"2023-06-16T15:03:03","date_gmt":"2023-06-16T13:03:03","guid":{"rendered":"https:\/\/soulie-coste-floret.fr\/?page_id=416"},"modified":"2023-10-23T17:21:46","modified_gmt":"2023-10-23T15:21:46","slug":"contact","status":"publish","type":"page","link":"https:\/\/soulie-coste-floret.fr\/en\/contact\/","title":{"rendered":"Contact us"},"content":{"rendered":"<div data-elementor-type=\"wp-page\" data-elementor-id=\"416\" class=\"elementor elementor-416\" data-elementor-post-type=\"page\">\n\t\t\t\t\t\t\t<div class=\"elementor-element elementor-element-629b6796 e-flex e-con-boxed e-con e-parent\" data-id=\"629b6796\" data-element_type=\"container\" data-settings=\"{&quot;background_background&quot;:&quot;classic&quot;,&quot;content_width&quot;:&quot;boxed&quot;}\" data-core-v316-plus=\"true\">\n\t\t\t\t\t<div class=\"e-con-inner\">\n\t\t<div class=\"elementor-element elementor-element-17f5567 e-con-full e-flex e-con e-child\" data-id=\"17f5567\" data-element_type=\"container\" data-settings=\"{&quot;content_width&quot;:&quot;full&quot;}\">\n\t\t<div class=\"elementor-element elementor-element-63bd054 e-flex e-con-boxed e-con e-child\" data-id=\"63bd054\" data-element_type=\"container\" data-settings=\"{&quot;content_width&quot;:&quot;boxed&quot;}\">\n\t\t\t\t\t<div class=\"e-con-inner\">\n\t\t\t\t<div class=\"elementor-element elementor-element-38c26a9 elementor-widget elementor-widget-heading\" data-id=\"38c26a9\" data-element_type=\"widget\" data-widget_type=\"heading.default\">\n\t\t\t\t<div class=\"elementor-widget-container\">\n\t\t\t<style>\/*! elementor - v3.18.0 - 20-12-2023 *\/\n.elementor-heading-title{padding:0;margin:0;line-height:1}.elementor-widget-heading .elementor-heading-title[class*=elementor-size-]>a{color:inherit;font-size:inherit;line-height:inherit}.elementor-widget-heading .elementor-heading-title.elementor-size-small{font-size:15px}.elementor-widget-heading .elementor-heading-title.elementor-size-medium{font-size:19px}.elementor-widget-heading .elementor-heading-title.elementor-size-large{font-size:29px}.elementor-widget-heading .elementor-heading-title.elementor-size-xl{font-size:39px}.elementor-widget-heading .elementor-heading-title.elementor-size-xxl{font-size:59px}<\/style><span class=\"elementor-heading-title elementor-size-default\">Contact<\/span>\t\t<\/div>\n\t\t\t\t<\/div>\n\t\t\t\t\t<\/div>\n\t\t\t\t<\/div>\n\t\t\t\t<\/div>\n\t\t\t\t\t<\/div>\n\t\t\t\t<\/div>\n\t\t<div class=\"elementor-element elementor-element-d1cb0a7 e-con-full e-flex e-con e-parent\" data-id=\"d1cb0a7\" data-element_type=\"container\" data-settings=\"{&quot;content_width&quot;:&quot;full&quot;,&quot;background_background&quot;:&quot;classic&quot;}\" data-core-v316-plus=\"true\">\n\t\t<div class=\"elementor-element elementor-element-809a057 e-con-full e-flex e-con e-child\" data-id=\"809a057\" data-element_type=\"container\" data-settings=\"{&quot;content_width&quot;:&quot;full&quot;,&quot;background_background&quot;:&quot;classic&quot;}\">\n\t\t<div class=\"elementor-element elementor-element-cdd3834 e-con-full e-flex e-con e-child\" data-id=\"cdd3834\" data-element_type=\"container\" data-settings=\"{&quot;content_width&quot;:&quot;full&quot;}\">\n\t\t\t\t<div class=\"elementor-element elementor-element-18829aa elementor-widget elementor-widget-heading\" data-id=\"18829aa\" data-element_type=\"widget\" data-widget_type=\"heading.default\">\n\t\t\t\t<div class=\"elementor-widget-container\">\n\t\t\t<span class=\"elementor-heading-title elementor-size-default\">Contact us<\/span>\t\t<\/div>\n\t\t\t\t<\/div>\n\t\t\t\t<\/div>\n\t\t<div class=\"elementor-element elementor-element-79888ee e-con-full e-flex e-con e-child\" data-id=\"79888ee\" data-element_type=\"container\" data-settings=\"{&quot;content_width&quot;:&quot;full&quot;}\">\n\t\t<div class=\"elementor-element elementor-element-a19fb51 e-con-full e-flex e-con e-child\" data-id=\"a19fb51\" data-element_type=\"container\" data-settings=\"{&quot;content_width&quot;:&quot;full&quot;}\">\n\t\t\t\t<div class=\"elementor-element elementor-element-5910ded elementor-widget elementor-widget-heading\" data-id=\"5910ded\" data-element_type=\"widget\" data-widget_type=\"heading.default\">\n\t\t\t\t<div class=\"elementor-widget-container\">\n\t\t\t<span class=\"elementor-heading-title elementor-size-default\">Adresse<\/span>\t\t<\/div>\n\t\t\t\t<\/div>\n\t\t\t\t<div class=\"elementor-element elementor-element-3999206 elementor-widget elementor-widget-heading\" data-id=\"3999206\" data-element_type=\"widget\" data-widget_type=\"heading.default\">\n\t\t\t\t<div class=\"elementor-widget-container\">\n\t\t\t<span class=\"elementor-heading-title elementor-size-default\">67, boulevard Saint-Germain, 75005 Paris<\/span>\t\t<\/div>\n\t\t\t\t<\/div>\n\t\t\t\t<\/div>\n\t\t<div class=\"elementor-element elementor-element-db208f8 e-flex e-con-boxed e-con e-child\" data-id=\"db208f8\" data-element_type=\"container\" data-settings=\"{&quot;content_width&quot;:&quot;boxed&quot;}\">\n\t\t\t\t\t<div class=\"e-con-inner\">\n\t\t\t\t<div class=\"elementor-element elementor-element-677841e elementor-widget elementor-widget-heading\" data-id=\"677841e\" data-element_type=\"widget\" data-widget_type=\"heading.default\">\n\t\t\t\t<div class=\"elementor-widget-container\">\n\t\t\t<span class=\"elementor-heading-title elementor-size-default\">Phone<\/span>\t\t<\/div>\n\t\t\t\t<\/div>\n\t\t\t\t<div class=\"elementor-element elementor-element-259f9c9 elementor-widget elementor-widget-heading\" data-id=\"259f9c9\" data-element_type=\"widget\" data-widget_type=\"heading.default\">\n\t\t\t\t<div class=\"elementor-widget-container\">\n\t\t\t<span class=\"elementor-heading-title elementor-size-default\">01 44 23 53 00<\/span>\t\t<\/div>\n\t\t\t\t<\/div>\n\t\t\t\t\t<\/div>\n\t\t\t\t<\/div>\n\t\t\t\t<\/div>\n\t\t<div class=\"elementor-element elementor-element-184bb4d e-con-full e-flex e-con e-child\" data-id=\"184bb4d\" data-element_type=\"container\" data-settings=\"{&quot;content_width&quot;:&quot;full&quot;}\">\n\t\t<div class=\"elementor-element elementor-element-8dd4138 e-flex e-con-boxed e-con e-child\" data-id=\"8dd4138\" data-element_type=\"container\" data-settings=\"{&quot;content_width&quot;:&quot;boxed&quot;}\">\n\t\t\t\t\t<div class=\"e-con-inner\">\n\t\t\t\t<div class=\"elementor-element elementor-element-248b8c5 elementor-widget elementor-widget-heading\" data-id=\"248b8c5\" data-element_type=\"widget\" data-widget_type=\"heading.default\">\n\t\t\t\t<div class=\"elementor-widget-container\">\n\t\t\t<span class=\"elementor-heading-title elementor-size-default\">SWITCHBOARD OPENING HOURS<\/span>\t\t<\/div>\n\t\t\t\t<\/div>\n\t\t\t\t<div class=\"elementor-element elementor-element-930746e elementor-widget elementor-widget-heading\" data-id=\"930746e\" data-element_type=\"widget\" data-widget_type=\"heading.default\">\n\t\t\t\t<div class=\"elementor-widget-container\">\n\t\t\t<span class=\"elementor-heading-title elementor-size-default\">Monday to Friday from 8:30 to 19h<\/span>\t\t<\/div>\n\t\t\t\t<\/div>\n\t\t\t\t\t<\/div>\n\t\t\t\t<\/div>\n\t\t<div class=\"elementor-element elementor-element-cc35785 elementor-hidden-mobile e-flex e-con-boxed e-con e-child\" data-id=\"cc35785\" data-element_type=\"container\" data-settings=\"{&quot;content_width&quot;:&quot;boxed&quot;}\">\n\t\t\t\t\t<div class=\"e-con-inner\">\n\t\t\t\t\t<\/div>\n\t\t\t\t<\/div>\n\t\t\t\t<\/div>\n\t\t<div class=\"elementor-element elementor-element-6ed6a3f e-con-full e-flex e-con e-child\" data-id=\"6ed6a3f\" data-element_type=\"container\" data-settings=\"{&quot;content_width&quot;:&quot;full&quot;}\">\n\t\t<div class=\"elementor-element elementor-element-5ac6a88 e-flex e-con-boxed e-con e-child\" data-id=\"5ac6a88\" data-element_type=\"container\" data-settings=\"{&quot;content_width&quot;:&quot;boxed&quot;}\">\n\t\t\t\t\t<div class=\"e-con-inner\">\n\t\t\t\t<div class=\"elementor-element elementor-element-328646e elementor-widget elementor-widget-heading\" data-id=\"328646e\" data-element_type=\"widget\" data-widget_type=\"heading.default\">\n\t\t\t\t<div class=\"elementor-widget-container\">\n\t\t\t<span class=\"elementor-heading-title elementor-size-default\">Contact a lawyer<\/span>\t\t<\/div>\n\t\t\t\t<\/div>\n\t\t\t\t<div class=\"elementor-element elementor-element-0ca5f5c elementor-widget elementor-widget-heading\" data-id=\"0ca5f5c\" data-element_type=\"widget\" data-widget_type=\"heading.default\">\n\t\t\t\t<div class=\"elementor-widget-container\">\n\t\t\t<span class=\"elementor-heading-title elementor-size-default\">initial(s)firstname.name@coste-floret.com<\/span>\t\t<\/div>\n\t\t\t\t<\/div>\n\t\t\t\t\t<\/div>\n\t\t\t\t<\/div>\n\t\t<div class=\"elementor-element elementor-element-dcf7cac elementor-hidden-mobile e-flex e-con-boxed e-con e-child\" data-id=\"dcf7cac\" data-element_type=\"container\" data-settings=\"{&quot;content_width&quot;:&quot;boxed&quot;}\">\n\t\t\t\t\t<div class=\"e-con-inner\">\n\t\t\t\t\t<\/div>\n\t\t\t\t<\/div>\n\t\t\t\t<\/div>\n\t\t\t\t<\/div>\n\t\t\t\t<\/div>\n\t\t<div class=\"elementor-element elementor-element-3f2497e e-con-full e-flex e-con e-parent\" data-id=\"3f2497e\" data-element_type=\"container\" data-settings=\"{&quot;content_width&quot;:&quot;full&quot;,&quot;background_background&quot;:&quot;classic&quot;}\" data-core-v316-plus=\"true\">\n\t\t\t\t<div class=\"elementor-element elementor-element-e38c2ae elementor-widget elementor-widget-google_maps\" data-id=\"e38c2ae\" data-element_type=\"widget\" data-widget_type=\"google_maps.default\">\n\t\t\t\t<div class=\"elementor-widget-container\">\n\t\t\t<style>\/*! elementor - v3.18.0 - 20-12-2023 *\/\n.elementor-widget-google_maps .elementor-widget-container{overflow:hidden}.elementor-widget-google_maps .elementor-custom-embed{line-height:0}.elementor-widget-google_maps iframe{height:300px}<\/style>\t\t<div class=\"elementor-custom-embed\">\n\t\t\t<iframe loading=\"lazy\"\n\t\t\t\t\tsrc=\"https:\/\/maps.google.com\/maps?q=67%20boulevard%20saint%20germain%2075005&#038;t=m&#038;z=14&#038;output=embed&#038;iwloc=near\"\n\t\t\t\t\ttitle=\"67 boulevard saint germain 75005\"\n\t\t\t\t\taria-label=\"67 boulevard saint germain 75005\"\n\t\t\t><\/iframe>\n\t\t<\/div>\n\t\t\t\t<\/div>\n\t\t\t\t<\/div>\n\t\t\t\t<\/div>\n\t\t<div class=\"elementor-element elementor-element-2e228f54 e-con-full e-flex e-con e-parent\" data-id=\"2e228f54\" data-element_type=\"container\" data-settings=\"{&quot;content_width&quot;:&quot;full&quot;,&quot;background_background&quot;:&quot;classic&quot;}\" data-core-v316-plus=\"true\">\n\t\t<div class=\"elementor-element elementor-element-24fa9f05 e-con-full elementor-hidden-tablet elementor-hidden-mobile e-flex e-con e-child\" data-id=\"24fa9f05\" data-element_type=\"container\" data-settings=\"{&quot;content_width&quot;:&quot;full&quot;,&quot;background_background&quot;:&quot;classic&quot;}\">\n\t\t\t\t<\/div>\n\t\t<div class=\"elementor-element elementor-element-5d926306 e-con-full e-flex e-con e-child\" data-id=\"5d926306\" data-element_type=\"container\" data-settings=\"{&quot;content_width&quot;:&quot;full&quot;}\">\n\t\t<div class=\"elementor-element elementor-element-71d7f127 e-con-full e-flex e-con e-child\" data-id=\"71d7f127\" data-element_type=\"container\" data-settings=\"{&quot;content_width&quot;:&quot;full&quot;}\">\n\t\t\t\t<div class=\"elementor-element elementor-element-11232704 elementor-widget elementor-widget-heading\" data-id=\"11232704\" data-element_type=\"widget\" data-widget_type=\"heading.default\">\n\t\t\t\t<div class=\"elementor-widget-container\">\n\t\t\t<span class=\"elementor-heading-title elementor-size-default\">CAREERS<\/span>\t\t<\/div>\n\t\t\t\t<\/div>\n\t\t\t\t<div class=\"elementor-element elementor-element-675e0cac elementor-widget elementor-widget-heading\" data-id=\"675e0cac\" data-element_type=\"widget\" data-widget_type=\"heading.default\">\n\t\t\t\t<div class=\"elementor-widget-container\">\n\t\t\t<span class=\"elementor-heading-title elementor-size-default\">Would you like to send us your CV?<\/span>\t\t<\/div>\n\t\t\t\t<\/div>\n\t\t\t\t<\/div>\n\t\t<div class=\"elementor-element elementor-element-2aeba979 e-con-full e-flex e-con e-child\" data-id=\"2aeba979\" data-element_type=\"container\" data-settings=\"{&quot;content_width&quot;:&quot;full&quot;}\">\n\t\t\t\t<div class=\"elementor-element elementor-element-66b85088 elementor-widget elementor-widget-text-editor\" data-id=\"66b85088\" data-element_type=\"widget\" data-widget_type=\"text-editor.default\">\n\t\t\t\t<div class=\"elementor-widget-container\">\n\t\t\t<style>\/*! elementor - v3.18.0 - 20-12-2023 *\/\n.elementor-widget-text-editor.elementor-drop-cap-view-stacked .elementor-drop-cap{background-color:#69727d;color:#fff}.elementor-widget-text-editor.elementor-drop-cap-view-framed .elementor-drop-cap{color:#69727d;border:3px solid;background-color:transparent}.elementor-widget-text-editor:not(.elementor-drop-cap-view-default) .elementor-drop-cap{margin-top:8px}.elementor-widget-text-editor:not(.elementor-drop-cap-view-default) .elementor-drop-cap-letter{width:1em;height:1em}.elementor-widget-text-editor .elementor-drop-cap{float:left;text-align:center;line-height:1;font-size:50px}.elementor-widget-text-editor .elementor-drop-cap-letter{display:inline-block}<\/style>\t\t\t\t<p>We are always on the lookout for new talent, so please feel free to send us your CV. Our team will respond as quickly as possible.<\/p>\t\t\t\t\t\t<\/div>\n\t\t\t\t<\/div>\n\t\t\t\t<div class=\"elementor-element elementor-element-30b0dc30 elementor-align-left elementor-hidden-phone elementor-mobile-align-center elementor-widget elementor-widget-button\" data-id=\"30b0dc30\" data-element_type=\"widget\" data-widget_type=\"button.default\">\n\t\t\t\t<div class=\"elementor-widget-container\">\n\t\t\t\t\t<div class=\"elementor-button-wrapper\">\n\t\t\t<a class=\"elementor-button elementor-button-link elementor-size-md\" href=\"#elementor-action:action=popup:open&settings=eyJpZCI6IjE5MjEiLCJ0b2dnbGUiOmZhbHNlfQ==\">\n\t\t\t\t\t\t<span class=\"elementor-button-content-wrapper\">\n\t\t\t\t\t\t<span class=\"elementor-button-icon elementor-align-icon-right\">\n\t\t\t\t\t\t\t<\/span>\n\t\t\t\t\t\t<span class=\"elementor-button-text\">CLICK HERE FOR THE APPLICATION FORM<\/span>\n\t\t<\/span>\n\t\t\t\t\t<\/a>\n\t\t<\/div>\n\t\t\t\t<\/div>\n\t\t\t\t<\/div>\n\t\t\t\t<\/div>\n\t\t\t\t<\/div>\n\t\t\t\t<\/div>\n\t\t\t\t\t\t\t<\/div>","protected":false},"excerpt":{"rendered":"<p>Contact Contacter le cabinet Adresse 67, boulevard Saint-Germain, 75005 Paris T\u00e9l\u00e9phone 01 44 23 53 00 Horaires d&rsquo;ouverture et de fermeture du standard Du lundi au vendredi de 8h30 \u00e0 19h Contacter un avocat Initiale(s)pr\u00e9nom.nom@coste-floret.com recrutement Une candidature spontan\u00e9e \u00e0 nous transmettre ? Parce que nous sommes toujours \u00e0 la recherche de talents, n&rsquo;h\u00e9sitez pas [&hellip;]<\/p>","protected":false},"author":1,"featured_media":0,"parent":0,"menu_order":0,"comment_status":"closed","ping_status":"closed","template":"","meta":{"footnotes":""},"class_list":["post-416","page","type-page","status-publish","hentry"],"acf":[],"yoast_head":"<!-- This site is optimized with the Yoast SEO plugin v21.9 - https:\/\/yoast.com\/wordpress\/plugins\/seo\/ -->\n<title>Contactez-nous - Souli\u00e9 - Coste Floret<\/title>\n<meta name=\"robots\" content=\"index, follow, max-snippet:-1, max-image-preview:large, max-video-preview:-1\" \/>\n<link rel=\"canonical\" href=\"https:\/\/soulie-coste-floret.fr\/en\/contact\/\" \/>\n<meta property=\"og:locale\" content=\"en_GB\" \/>\n<meta property=\"og:type\" content=\"article\" \/>\n<meta property=\"og:title\" content=\"Contactez-nous - Souli\u00e9 - Coste Floret\" \/>\n<meta property=\"og:description\" content=\"Contact Contacter le cabinet Adresse 67, boulevard Saint-Germain, 75005 Paris T\u00e9l\u00e9phone 01 44 23 53 00 Horaires d&rsquo;ouverture et de fermeture du standard Du lundi au vendredi de 8h30 \u00e0 19h Contacter un avocat Initiale(s)pr\u00e9nom.nom@coste-floret.com recrutement Une candidature spontan\u00e9e \u00e0 nous transmettre ? Parce que nous sommes toujours \u00e0 la recherche de talents, n&rsquo;h\u00e9sitez pas [&hellip;]\" \/>\n<meta property=\"og:url\" content=\"https:\/\/soulie-coste-floret.fr\/en\/contact\/\" \/>\n<meta property=\"og:site_name\" content=\"Souli\u00e9 - Coste Floret\" \/>\n<meta property=\"article:modified_time\" content=\"2023-10-23T15:21:46+00:00\" \/>\n<meta name=\"twitter:card\" content=\"summary_large_image\" \/>\n<script type=\"application\/ld+json\" class=\"yoast-schema-graph\">{\"@context\":\"https:\/\/schema.org\",\"@graph\":[{\"@type\":\"WebPage\",\"@id\":\"https:\/\/soulie-coste-floret.fr\/contact\/\",\"url\":\"https:\/\/soulie-coste-floret.fr\/contact\/\",\"name\":\"Contactez-nous - Souli\u00e9 - Coste Floret\",\"isPartOf\":{\"@id\":\"https:\/\/soulie-coste-floret.fr\/#website\"},\"datePublished\":\"2023-06-16T13:03:03+00:00\",\"dateModified\":\"2023-10-23T15:21:46+00:00\",\"breadcrumb\":{\"@id\":\"https:\/\/soulie-coste-floret.fr\/contact\/#breadcrumb\"},\"inLanguage\":\"en-GB\",\"potentialAction\":[{\"@type\":\"ReadAction\",\"target\":[\"https:\/\/soulie-coste-floret.fr\/contact\/\"]}]},{\"@type\":\"BreadcrumbList\",\"@id\":\"https:\/\/soulie-coste-floret.fr\/contact\/#breadcrumb\",\"itemListElement\":[{\"@type\":\"ListItem\",\"position\":1,\"name\":\"Accueil\",\"item\":\"https:\/\/soulie-coste-floret.fr\/\"},{\"@type\":\"ListItem\",\"position\":2,\"name\":\"Contactez-nous\"}]},{\"@type\":\"WebSite\",\"@id\":\"https:\/\/soulie-coste-floret.fr\/#website\",\"url\":\"https:\/\/soulie-coste-floret.fr\/\",\"name\":\"Souli\u00e9 - Coste Floret\",\"description\":\"\",\"publisher\":{\"@id\":\"https:\/\/soulie-coste-floret.fr\/#organization\"},\"potentialAction\":[{\"@type\":\"SearchAction\",\"target\":{\"@type\":\"EntryPoint\",\"urlTemplate\":\"https:\/\/soulie-coste-floret.fr\/?s={search_term_string}\"},\"query-input\":\"required name=search_term_string\"}],\"inLanguage\":\"en-GB\"},{\"@type\":\"Organization\",\"@id\":\"https:\/\/soulie-coste-floret.fr\/#organization\",\"name\":\"Souli\u00e9 - Coste Floret\",\"url\":\"https:\/\/soulie-coste-floret.fr\/\",\"logo\":{\"@type\":\"ImageObject\",\"inLanguage\":\"en-GB\",\"@id\":\"https:\/\/soulie-coste-floret.fr\/#\/schema\/logo\/image\/\",\"url\":\"https:\/\/soulie-coste-floret.fr\/wp-content\/uploads\/2023\/09\/cropped-logo-scf.png\",\"contentUrl\":\"https:\/\/soulie-coste-floret.fr\/wp-content\/uploads\/2023\/09\/cropped-logo-scf.png\",\"width\":384,\"height\":232,\"caption\":\"Souli\u00e9 - Coste Floret\"},\"image\":{\"@id\":\"https:\/\/soulie-coste-floret.fr\/#\/schema\/logo\/image\/\"}}]}<\/script>\n<!-- \/ Yoast SEO plugin. -->","yoast_head_json":{"title":"Contactez-nous - Souli\u00e9 - Coste Floret","robots":{"index":"index","follow":"follow","max-snippet":"max-snippet:-1","max-image-preview":"max-image-preview:large","max-video-preview":"max-video-preview:-1"},"canonical":"https:\/\/soulie-coste-floret.fr\/en\/contact\/","og_locale":"en_GB","og_type":"article","og_title":"Contactez-nous - Souli\u00e9 - Coste Floret","og_description":"Contact Contacter le cabinet Adresse 67, boulevard Saint-Germain, 75005 Paris T\u00e9l\u00e9phone 01 44 23 53 00 Horaires d&rsquo;ouverture et de fermeture du standard Du lundi au vendredi de 8h30 \u00e0 19h Contacter un avocat Initiale(s)pr\u00e9nom.nom@coste-floret.com recrutement Une candidature spontan\u00e9e \u00e0 nous transmettre ? Parce que nous sommes toujours \u00e0 la recherche de talents, n&rsquo;h\u00e9sitez pas [&hellip;]","og_url":"https:\/\/soulie-coste-floret.fr\/en\/contact\/","og_site_name":"Souli\u00e9 - Coste Floret","article_modified_time":"2023-10-23T15:21:46+00:00","twitter_card":"summary_large_image","schema":{"@context":"https:\/\/schema.org","@graph":[{"@type":"WebPage","@id":"https:\/\/soulie-coste-floret.fr\/contact\/","url":"https:\/\/soulie-coste-floret.fr\/contact\/","name":"Contactez-nous - Souli\u00e9 - Coste Floret","isPartOf":{"@id":"https:\/\/soulie-coste-floret.fr\/#website"},"datePublished":"2023-06-16T13:03:03+00:00","dateModified":"2023-10-23T15:21:46+00:00","breadcrumb":{"@id":"https:\/\/soulie-coste-floret.fr\/contact\/#breadcrumb"},"inLanguage":"en-GB","potentialAction":[{"@type":"ReadAction","target":["https:\/\/soulie-coste-floret.fr\/contact\/"]}]},{"@type":"BreadcrumbList","@id":"https:\/\/soulie-coste-floret.fr\/contact\/#breadcrumb","itemListElement":[{"@type":"ListItem","position":1,"name":"Accueil","item":"https:\/\/soulie-coste-floret.fr\/"},{"@type":"ListItem","position":2,"name":"Contactez-nous"}]},{"@type":"WebSite","@id":"https:\/\/soulie-coste-floret.fr\/#website","url":"https:\/\/soulie-coste-floret.fr\/","name":"Souli\u00e9 - Coste Floret","description":"","publisher":{"@id":"https:\/\/soulie-coste-floret.fr\/#organization"},"potentialAction":[{"@type":"SearchAction","target":{"@type":"EntryPoint","urlTemplate":"https:\/\/soulie-coste-floret.fr\/?s={search_term_string}"},"query-input":"required name=search_term_string"}],"inLanguage":"en-GB"},{"@type":"Organization","@id":"https:\/\/soulie-coste-floret.fr\/#organization","name":"Souli\u00e9 - Coste Floret","url":"https:\/\/soulie-coste-floret.fr\/","logo":{"@type":"ImageObject","inLanguage":"en-GB","@id":"https:\/\/soulie-coste-floret.fr\/#\/schema\/logo\/image\/","url":"https:\/\/soulie-coste-floret.fr\/wp-content\/uploads\/2023\/09\/cropped-logo-scf.png","contentUrl":"https:\/\/soulie-coste-floret.fr\/wp-content\/uploads\/2023\/09\/cropped-logo-scf.png","width":384,"height":232,"caption":"Souli\u00e9 - Coste Floret"},"image":{"@id":"https:\/\/soulie-coste-floret.fr\/#\/schema\/logo\/image\/"}}]}},"_links":{"self":[{"href":"https:\/\/soulie-coste-floret.fr\/en\/wp-json\/wp\/v2\/pages\/416","targetHints":{"allow":["GET"]}}],"collection":[{"href":"https:\/\/soulie-coste-floret.fr\/en\/wp-json\/wp\/v2\/pages"}],"about":[{"href":"https:\/\/soulie-coste-floret.fr\/en\/wp-json\/wp\/v2\/types\/page"}],"author":[{"embeddable":true,"href":"https:\/\/soulie-coste-floret.fr\/en\/wp-json\/wp\/v2\/users\/1"}],"replies":[{"embeddable":true,"href":"https:\/\/soulie-coste-floret.fr\/en\/wp-json\/wp\/v2\/comments?post=416"}],"version-history":[{"count":154,"href":"https:\/\/soulie-coste-floret.fr\/en\/wp-json\/wp\/v2\/pages\/416\/revisions"}],"predecessor-version":[{"id":2862,"href":"https:\/\/soulie-coste-floret.fr\/en\/wp-json\/wp\/v2\/pages\/416\/revisions\/2862"}],"wp:attachment":[{"href":"https:\/\/soulie-coste-floret.fr\/en\/wp-json\/wp\/v2\/media?parent=416"}],"curies":[{"name":"wp","href":"https:\/\/api.w.org\/{rel}","templated":true}]}}