{"id":7,"date":"2023-06-13T17:13:59","date_gmt":"2023-06-13T15:13:59","guid":{"rendered":"https:\/\/soulie-coste-floret.fr\/?page_id=7"},"modified":"2023-10-09T11:46:22","modified_gmt":"2023-10-09T09:46:22","slug":"cabinet","status":"publish","type":"page","link":"https:\/\/soulie-coste-floret.fr\/en\/cabinet\/","title":{"rendered":"Office"},"content":{"rendered":"<div data-elementor-type=\"wp-post\" data-elementor-id=\"7\" class=\"elementor elementor-7\" data-elementor-post-type=\"page\">\n\t\t\t\t\t\t\t<div class=\"elementor-element elementor-element-269057f e-flex e-con-boxed e-con e-parent\" data-id=\"269057f\" data-element_type=\"container\" data-settings=\"{&quot;background_background&quot;:&quot;classic&quot;,&quot;content_width&quot;:&quot;boxed&quot;}\" data-core-v316-plus=\"true\">\n\t\t\t\t\t<div class=\"e-con-inner\">\n\t\t<div class=\"elementor-element elementor-element-ff8315c e-flex e-con-boxed e-con e-child\" data-id=\"ff8315c\" data-element_type=\"container\" data-settings=\"{&quot;content_width&quot;:&quot;boxed&quot;}\">\n\t\t\t\t\t<div class=\"e-con-inner\">\n\t\t<div class=\"elementor-element elementor-element-8d604b2 e-flex e-con-boxed e-con e-child\" data-id=\"8d604b2\" data-element_type=\"container\" data-settings=\"{&quot;content_width&quot;:&quot;boxed&quot;}\">\n\t\t\t\t\t<div class=\"e-con-inner\">\n\t\t\t\t<div class=\"elementor-element elementor-element-5237cc1 elementor-widget elementor-widget-heading\" data-id=\"5237cc1\" data-element_type=\"widget\" data-widget_type=\"heading.default\">\n\t\t\t\t<div class=\"elementor-widget-container\">\n\t\t\t<style>\/*! elementor - v3.18.0 - 20-12-2023 *\/\n.elementor-heading-title{padding:0;margin:0;line-height:1}.elementor-widget-heading .elementor-heading-title[class*=elementor-size-]>a{color:inherit;font-size:inherit;line-height:inherit}.elementor-widget-heading .elementor-heading-title.elementor-size-small{font-size:15px}.elementor-widget-heading .elementor-heading-title.elementor-size-medium{font-size:19px}.elementor-widget-heading .elementor-heading-title.elementor-size-large{font-size:29px}.elementor-widget-heading .elementor-heading-title.elementor-size-xl{font-size:39px}.elementor-widget-heading .elementor-heading-title.elementor-size-xxl{font-size:59px}<\/style><span class=\"elementor-heading-title elementor-size-default\">The Firm<\/span>\t\t<\/div>\n\t\t\t\t<\/div>\n\t\t\t\t\t<\/div>\n\t\t\t\t<\/div>\n\t\t\t\t\t<\/div>\n\t\t\t\t<\/div>\n\t\t\t\t\t<\/div>\n\t\t\t\t<\/div>\n\t\t<div class=\"elementor-element elementor-element-0e9c0f9 e-flex e-con-boxed e-con e-parent\" data-id=\"0e9c0f9\" data-element_type=\"container\" data-settings=\"{&quot;content_width&quot;:&quot;boxed&quot;}\" data-core-v316-plus=\"true\">\n\t\t\t\t\t<div class=\"e-con-inner\">\n\t\t<div class=\"elementor-element elementor-element-9c44c47 e-con-full e-flex e-con e-child\" data-id=\"9c44c47\" data-element_type=\"container\" data-settings=\"{&quot;content_width&quot;:&quot;full&quot;}\">\n\t\t<div class=\"elementor-element elementor-element-20c3ca2 e-con-full e-flex e-con e-child\" data-id=\"20c3ca2\" data-element_type=\"container\" data-settings=\"{&quot;content_width&quot;:&quot;full&quot;}\">\n\t\t\t\t<div class=\"elementor-element elementor-element-2432714 elementor-widget elementor-widget-text-editor\" data-id=\"2432714\" data-element_type=\"widget\" data-widget_type=\"text-editor.default\">\n\t\t\t\t<div class=\"elementor-widget-container\">\n\t\t\t<style>\/*! elementor - v3.18.0 - 20-12-2023 *\/\n.elementor-widget-text-editor.elementor-drop-cap-view-stacked .elementor-drop-cap{background-color:#69727d;color:#fff}.elementor-widget-text-editor.elementor-drop-cap-view-framed .elementor-drop-cap{color:#69727d;border:3px solid;background-color:transparent}.elementor-widget-text-editor:not(.elementor-drop-cap-view-default) .elementor-drop-cap{margin-top:8px}.elementor-widget-text-editor:not(.elementor-drop-cap-view-default) .elementor-drop-cap-letter{width:1em;height:1em}.elementor-widget-text-editor .elementor-drop-cap{float:left;text-align:center;line-height:1;font-size:50px}.elementor-widget-text-editor .elementor-drop-cap-letter{display:inline-block}<\/style>\t\t\t\t<p><span class=\"TextRun SCXW181407689 BCX0\" lang=\"FR-FR\" xml:lang=\"FR-FR\" data-contrast=\"auto\"><span class=\"NormalTextRun SCXW181407689 BCX0\">Over the past 40 years, the firm has adapted to meet the needs of its clients<\/span><\/span><\/p>\t\t\t\t\t\t<\/div>\n\t\t\t\t<\/div>\n\t\t\t\t<\/div>\n\t\t<div class=\"elementor-element elementor-element-bf1abc7 e-flex e-con-boxed e-con e-child\" data-id=\"bf1abc7\" data-element_type=\"container\" data-settings=\"{&quot;content_width&quot;:&quot;boxed&quot;}\">\n\t\t\t\t\t<div class=\"e-con-inner\">\n\t\t\t\t<div class=\"elementor-element elementor-element-8ca483f elementor-widget elementor-widget-text-editor\" data-id=\"8ca483f\" data-element_type=\"widget\" data-widget_type=\"text-editor.default\">\n\t\t\t\t<div class=\"elementor-widget-container\">\n\t\t\t\t\t\t\t<p><span data-contrast=\"auto\">The firm has extensive experience and expertise in all its areas of practice, enabling us to provide our clients with a service tailored to their needs, whether the matter is a major domestic or international case, or so-called \u201chigh frequency\" litigation.<\/span><span data-ccp-props=\"{&quot;201341983&quot;:0,&quot;335551550&quot;:6,&quot;335551620&quot;:6,&quot;335559739&quot;:0,&quot;335559740&quot;:240}\">\u00a0<\/span><\/p><p><span data-contrast=\"none\">We are committed to defending and representing the interests of our clients, offering them continuous availability and true expertise by forming dedicated teams specialising in our areas of practice.<\/span><span data-ccp-props=\"{&quot;134233117&quot;:false,&quot;134233118&quot;:false,&quot;201341983&quot;:0,&quot;335551550&quot;:6,&quot;335551620&quot;:6,&quot;335559738&quot;:0,&quot;335559739&quot;:0,&quot;335559740&quot;:240}\">\u00a0<\/span><\/p><p><span data-contrast=\"none\">The firm\u2019s involvement in a large number of major disasters (see our professional references below) has enabled us to acquire recognised experience in dealing with mass casualty and serial claims.<\/span><\/p><p><span data-contrast=\"none\">Today, our know-how and expertise are valuable assets when it comes to analysing the specific issues at stake in each case, legal and media risks in particular, and developing innovative dispute resolution methods.<\/span><span data-ccp-props=\"{&quot;134233117&quot;:false,&quot;134233118&quot;:false,&quot;201341983&quot;:0,&quot;335551550&quot;:6,&quot;335551620&quot;:6,&quot;335559738&quot;:0,&quot;335559739&quot;:0,&quot;335559740&quot;:240}\">\u00a0<\/span><\/p><p><span data-contrast=\"none\">The firm\u2019s networks of correspondents in France and abroad enable us to offer our clients a comprehensive and integrated range of services.<\/span><span data-ccp-props=\"{&quot;134233117&quot;:false,&quot;134233118&quot;:false,&quot;201341983&quot;:0,&quot;335551550&quot;:6,&quot;335551620&quot;:6,&quot;335559738&quot;:0,&quot;335559739&quot;:0,&quot;335559740&quot;:240}\">\u00a0<\/span><\/p>\t\t\t\t\t\t<\/div>\n\t\t\t\t<\/div>\n\t\t\t\t\t<\/div>\n\t\t\t\t<\/div>\n\t\t<div class=\"elementor-element elementor-element-bb71444 e-con-full e-flex e-con e-child\" data-id=\"bb71444\" data-element_type=\"container\" data-settings=\"{&quot;content_width&quot;:&quot;full&quot;}\">\n\t\t\t\t<div class=\"elementor-element elementor-element-871c119 elementor-align-left elementor-hidden-phone elementor-widget elementor-widget-button\" data-id=\"871c119\" data-element_type=\"widget\" data-widget_type=\"button.default\">\n\t\t\t\t<div class=\"elementor-widget-container\">\n\t\t\t\t\t<div class=\"elementor-button-wrapper\">\n\t\t\t<a class=\"elementor-button elementor-button-link elementor-size-md\" href=\"https:\/\/soulie-coste-floret.fr\/en\/nos-competences\/\">\n\t\t\t\t\t\t<span class=\"elementor-button-content-wrapper\">\n\t\t\t\t\t\t<span class=\"elementor-button-icon elementor-align-icon-right\">\n\t\t\t\t\t\t\t<\/span>\n\t\t\t\t\t\t<span class=\"elementor-button-text\">Discover our expertise<\/span>\n\t\t<\/span>\n\t\t\t\t\t<\/a>\n\t\t<\/div>\n\t\t\t\t<\/div>\n\t\t\t\t<\/div>\n\t\t\t\t<\/div>\n\t\t\t\t<\/div>\n\t\t\t\t\t<\/div>\n\t\t\t\t<\/div>\n\t\t<div class=\"elementor-element elementor-element-0b0cd8a e-flex e-con-boxed e-con e-parent\" data-id=\"0b0cd8a\" data-element_type=\"container\" data-settings=\"{&quot;background_background&quot;:&quot;classic&quot;,&quot;content_width&quot;:&quot;boxed&quot;}\" data-core-v316-plus=\"true\">\n\t\t\t\t\t<div class=\"e-con-inner\">\n\t\t<div class=\"elementor-element elementor-element-583c1bd e-con-full e-flex e-con e-child\" data-id=\"583c1bd\" data-element_type=\"container\" data-settings=\"{&quot;content_width&quot;:&quot;full&quot;}\">\n\t\t<div class=\"elementor-element elementor-element-73376f2 e-flex e-con-boxed e-con e-child\" data-id=\"73376f2\" data-element_type=\"container\" data-settings=\"{&quot;content_width&quot;:&quot;boxed&quot;}\">\n\t\t\t\t\t<div class=\"e-con-inner\">\n\t\t\t\t<div class=\"elementor-element elementor-element-5c30c8e elementor-widget elementor-widget-heading\" data-id=\"5c30c8e\" data-element_type=\"widget\" data-widget_type=\"heading.default\">\n\t\t\t\t<div class=\"elementor-widget-container\">\n\t\t\t<span class=\"elementor-heading-title elementor-size-default\">Cabinet distinguished in the ranking of the \"Palmar\u00e8s du Droit\" <\/span>\t\t<\/div>\n\t\t\t\t<\/div>\n\t\t\t\t<div class=\"elementor-element elementor-element-02c9ec5 elementor-widget elementor-widget-text-editor\" data-id=\"02c9ec5\" data-element_type=\"widget\" data-widget_type=\"text-editor.default\">\n\t\t\t\t<div class=\"elementor-widget-container\">\n\t\t\t\t\t\t\t<ul><li style=\"font-weight: 400;\" aria-level=\"1\"><span class=\"TextRun SCXW20533147 BCX0\" lang=\"FR-FR\" xml:lang=\"FR-FR\" data-contrast=\"auto\"><span class=\"NormalTextRun SCXW20533147 BCX0\">Bronze Trophy \u2013 \u201cIndustrial Risks\u201d category in 2022<\/span><\/span><span class=\"EOP SCXW20533147 BCX0\" data-ccp-props=\"{&quot;201341983&quot;:0,&quot;335559739&quot;:0,&quot;335559740&quot;:240}\">\u00a0<\/span><\/li><li style=\"font-weight: 400;\" aria-level=\"1\"><span class=\"TextRun SCXW42388329 BCX0\" lang=\"FR-FR\" xml:lang=\"FR-FR\" data-contrast=\"auto\"><span class=\"NormalTextRun SCXW42388329 BCX0\">Gold Trophy \u2013 Category \u201c<\/span><span class=\"NormalTextRun SCXW42388329 BCX0\">A<\/span><span class=\"NormalTextRun SCXW42388329 BCX0\">ssurances\u202f\u00bb in 2023<\/span><\/span><span class=\"EOP SCXW42388329 BCX0\" data-ccp-props=\"{&quot;201341983&quot;:0,&quot;335559739&quot;:0,&quot;335559740&quot;:240}\">\u00a0<\/span><\/li><li style=\"font-weight: 400;\" aria-level=\"1\"><span class=\"TextRun SCXW203847352 BCX0\" lang=\"FR-FR\" xml:lang=\"FR-FR\" data-contrast=\"auto\"><span class=\"NormalTextRun SCXW203847352 BCX0\">Silver Trophy \u2013 \u201cProduct civil liability\u201d category<\/span><span class=\"NormalTextRun SCXW203847352 BCX0\">\u202f\u00bb<\/span><span class=\"NormalTextRun SCXW203847352 BCX0\"> in 2023<\/span><\/span><span class=\"EOP SCXW203847352 BCX0\" data-ccp-props=\"{&quot;201341983&quot;:0,&quot;335559739&quot;:0,&quot;335559740&quot;:240}\">\u00a0<\/span><\/li><\/ul>\t\t\t\t\t\t<\/div>\n\t\t\t\t<\/div>\n\t\t\t\t\t<\/div>\n\t\t\t\t<\/div>\n\t\t<div class=\"elementor-element elementor-element-846231b e-flex e-con-boxed e-con e-child\" data-id=\"846231b\" data-element_type=\"container\" data-settings=\"{&quot;content_width&quot;:&quot;boxed&quot;}\">\n\t\t\t\t\t<div class=\"e-con-inner\">\n\t\t\t\t<div class=\"elementor-element elementor-element-a2ee184 elementor-widget elementor-widget-heading\" data-id=\"a2ee184\" data-element_type=\"widget\" data-widget_type=\"heading.default\">\n\t\t\t\t<div class=\"elementor-widget-container\">\n\t\t\t<span class=\"elementor-heading-title elementor-size-default\">Cabinet distinguished by the D\u00e9cideurs du droit \/ Leaders League since 2011 <\/span>\t\t<\/div>\n\t\t\t\t<\/div>\n\t\t\t\t<div class=\"elementor-element elementor-element-dff1a1f elementor-widget elementor-widget-text-editor\" data-id=\"dff1a1f\" data-element_type=\"widget\" data-widget_type=\"text-editor.default\">\n\t\t\t\t<div class=\"elementor-widget-container\">\n\t\t\t\t\t\t\t<ul><li><span data-contrast=\"auto\">Gold Trophies \u2013 \u201cIndustrial risks and insurance\u201d category in 2011, 2012, 2014, 2020<\/span><span data-ccp-props=\"{&quot;201341983&quot;:0,&quot;335559739&quot;:0,&quot;335559740&quot;:240}\">\u00a0<\/span><\/li><li><span data-contrast=\"auto\">Silver Award \u2013 \u201cIndustrial Risks and Insurance\u201d category in 2016, 2018, 2021, 2023<\/span><span data-ccp-props=\"{&quot;201341983&quot;:0,&quot;335559739&quot;:0,&quot;335559740&quot;:240}\">\u00a0<\/span><\/li><\/ul>\t\t\t\t\t\t<\/div>\n\t\t\t\t<\/div>\n\t\t\t\t\t<\/div>\n\t\t\t\t<\/div>\n\t\t\t\t<\/div>\n\t\t\t\t\t<\/div>\n\t\t\t\t<\/div>\n\t\t<div class=\"elementor-element elementor-element-41725f9 e-flex e-con-boxed e-con e-parent\" data-id=\"41725f9\" data-element_type=\"container\" data-settings=\"{&quot;content_width&quot;:&quot;boxed&quot;}\" data-core-v316-plus=\"true\">\n\t\t\t\t\t<div class=\"e-con-inner\">\n\t\t<div class=\"elementor-element elementor-element-16eec59 e-con-full e-flex e-con e-child\" data-id=\"16eec59\" data-element_type=\"container\" data-settings=\"{&quot;content_width&quot;:&quot;full&quot;}\">\n\t\t<div class=\"elementor-element elementor-element-6219b26 e-con-full e-flex e-con e-child\" data-id=\"6219b26\" data-element_type=\"container\" data-settings=\"{&quot;content_width&quot;:&quot;full&quot;}\">\n\t\t\t\t<div class=\"elementor-element elementor-element-4bddae7 elementor-widget elementor-widget-heading\" data-id=\"4bddae7\" data-element_type=\"widget\" data-widget_type=\"heading.default\">\n\t\t\t\t<div class=\"elementor-widget-container\">\n\t\t\t<h3 class=\"elementor-heading-title elementor-size-default\">Our services<\/h3>\t\t<\/div>\n\t\t\t\t<\/div>\n\t\t\t\t<\/div>\n\t\t<div class=\"elementor-element elementor-element-2941a40 e-flex e-con-boxed e-con e-child\" data-id=\"2941a40\" data-element_type=\"container\" data-settings=\"{&quot;content_width&quot;:&quot;boxed&quot;}\">\n\t\t\t\t\t<div class=\"e-con-inner\">\n\t\t\t\t<div class=\"elementor-element elementor-element-598e8e7 elementor-widget elementor-widget-text-editor\" data-id=\"598e8e7\" data-element_type=\"widget\" data-widget_type=\"text-editor.default\">\n\t\t\t\t<div class=\"elementor-widget-container\">\n\t\t\t\t\t\t\t<p><span data-contrast=\"auto\">Relying on our solid experience, we are able to provide tailored solutions and strategic advice to meet our clients\u2019 needs.<\/span><\/p><p>\u00a0<\/p><p><span data-contrast=\"auto\">Our services include:<\/span><span data-ccp-props=\"{&quot;201341983&quot;:0,&quot;335551550&quot;:6,&quot;335551620&quot;:6,&quot;335559739&quot;:0,&quot;335559740&quot;:240}\">\u00a0<\/span><\/p><p>\u00a0<\/p><ul><li class=\" translation-block\">Advice to companies (studying of contracts \/ analysis of legal, financial or media risks in crisis situations \/ assistance and advice on crisis management)),<\/li><\/ul><p>\u00a0<\/p><ul><li class=\" translation-block\">Litigation (assistance and defence before all courts \u2013 civil, commercial, criminal, administrative and labour \/ assistance and defence within the scope of court-ordered expert appraisals).<\/li><\/ul><p>\u00a0<\/p><ul><li data-leveltext=\"\uf0b7\" data-font=\"Symbol\" data-listid=\"1\" data-list-defn-props=\"{&quot;335552541&quot;:1,&quot;335559684&quot;:-2,&quot;335559685&quot;:720,&quot;335559991&quot;:360,&quot;469769226&quot;:&quot;Symbol&quot;,&quot;469769242&quot;:[8226],&quot;469777803&quot;:&quot;left&quot;,&quot;469777804&quot;:&quot;\uf0b7&quot;,&quot;469777815&quot;:&quot;multilevel&quot;}\" aria-setsize=\"-1\" data-aria-posinset=\"3\" data-aria-level=\"1\" class=\" translation-block\">Alternative dispute resolution methods (arbitration \/ conciliation \/ mediation \/ settlement).<\/li><\/ul><p><span data-ccp-props=\"{&quot;201341983&quot;:2,&quot;335559685&quot;:720,&quot;335559739&quot;:0,&quot;335559740&quot;:390}\">\u00a0<\/span><\/p><p class=\" translation-block\">The firm provides legal services throughout France and abroad, where, in a cost-efficient manner, we work with a network of correspondents who have developed the same areas of expertise.<\/p>\t\t\t\t\t\t<\/div>\n\t\t\t\t<\/div>\n\t\t\t\t\t<\/div>\n\t\t\t\t<\/div>\n\t\t\t\t<\/div>\n\t\t\t\t\t<\/div>\n\t\t\t\t<\/div>\n\t\t\t\t\t\t\t<\/div>","protected":false},"excerpt":{"rendered":"<p>Le Cabinet Depuis 40 ans, un cabinet qui s\u2019adapte aux besoins de ses clients Le cabinet dispose d\u2019une exp\u00e9rience et d\u2019un savoir-faire important dans l\u2019ensemble de ses secteurs d\u2019activit\u00e9, lui permettant d\u2019offrir \u00e0 sa client\u00e8le un service adapt\u00e9 en fonction des besoins, qu\u2019il s\u2019agisse de dossiers importants, nationaux ou internationaux, ou de contentieux dits \u00ab\u202fde [&hellip;]<\/p>","protected":false},"author":1,"featured_media":0,"parent":0,"menu_order":0,"comment_status":"closed","ping_status":"closed","template":"","meta":{"footnotes":""},"class_list":["post-7","page","type-page","status-publish","hentry"],"acf":[],"yoast_head":"<!-- This site is optimized with the Yoast SEO plugin v21.9 - https:\/\/yoast.com\/wordpress\/plugins\/seo\/ -->\n<title>Le cabinet - Souli\u00e9 - Coste Floret<\/title>\n<meta name=\"robots\" content=\"index, follow, max-snippet:-1, max-image-preview:large, max-video-preview:-1\" \/>\n<link rel=\"canonical\" href=\"https:\/\/soulie-coste-floret.fr\/en\/cabinet\/\" \/>\n<meta property=\"og:locale\" content=\"en_GB\" \/>\n<meta property=\"og:type\" content=\"article\" \/>\n<meta property=\"og:title\" content=\"Le cabinet - Souli\u00e9 - Coste Floret\" \/>\n<meta property=\"og:description\" content=\"Le Cabinet Depuis 40 ans, un cabinet qui s\u2019adapte aux besoins de ses clients Le cabinet dispose d\u2019une exp\u00e9rience et d\u2019un savoir-faire important dans l\u2019ensemble de ses secteurs d\u2019activit\u00e9, lui permettant d\u2019offrir \u00e0 sa client\u00e8le un service adapt\u00e9 en fonction des besoins, qu\u2019il s\u2019agisse de dossiers importants, nationaux ou internationaux, ou de contentieux dits \u00ab\u202fde [&hellip;]\" \/>\n<meta property=\"og:url\" content=\"https:\/\/soulie-coste-floret.fr\/en\/cabinet\/\" \/>\n<meta property=\"og:site_name\" content=\"Souli\u00e9 - Coste Floret\" \/>\n<meta property=\"article:modified_time\" content=\"2023-10-09T09:46:22+00:00\" \/>\n<meta name=\"twitter:card\" content=\"summary_large_image\" \/>\n<meta name=\"twitter:label1\" content=\"Estimated reading time\" \/>\n\t<meta name=\"twitter:data1\" content=\"2 minutes\" \/>\n<script type=\"application\/ld+json\" class=\"yoast-schema-graph\">{\"@context\":\"https:\/\/schema.org\",\"@graph\":[{\"@type\":\"WebPage\",\"@id\":\"https:\/\/soulie-coste-floret.fr\/cabinet\/\",\"url\":\"https:\/\/soulie-coste-floret.fr\/cabinet\/\",\"name\":\"Le cabinet - Souli\u00e9 - Coste Floret\",\"isPartOf\":{\"@id\":\"https:\/\/soulie-coste-floret.fr\/#website\"},\"datePublished\":\"2023-06-13T15:13:59+00:00\",\"dateModified\":\"2023-10-09T09:46:22+00:00\",\"breadcrumb\":{\"@id\":\"https:\/\/soulie-coste-floret.fr\/cabinet\/#breadcrumb\"},\"inLanguage\":\"en-GB\",\"potentialAction\":[{\"@type\":\"ReadAction\",\"target\":[\"https:\/\/soulie-coste-floret.fr\/cabinet\/\"]}]},{\"@type\":\"BreadcrumbList\",\"@id\":\"https:\/\/soulie-coste-floret.fr\/cabinet\/#breadcrumb\",\"itemListElement\":[{\"@type\":\"ListItem\",\"position\":1,\"name\":\"Accueil\",\"item\":\"https:\/\/soulie-coste-floret.fr\/\"},{\"@type\":\"ListItem\",\"position\":2,\"name\":\"Le cabinet\"}]},{\"@type\":\"WebSite\",\"@id\":\"https:\/\/soulie-coste-floret.fr\/#website\",\"url\":\"https:\/\/soulie-coste-floret.fr\/\",\"name\":\"Souli\u00e9 - Coste Floret\",\"description\":\"\",\"publisher\":{\"@id\":\"https:\/\/soulie-coste-floret.fr\/#organization\"},\"potentialAction\":[{\"@type\":\"SearchAction\",\"target\":{\"@type\":\"EntryPoint\",\"urlTemplate\":\"https:\/\/soulie-coste-floret.fr\/?s={search_term_string}\"},\"query-input\":\"required name=search_term_string\"}],\"inLanguage\":\"en-GB\"},{\"@type\":\"Organization\",\"@id\":\"https:\/\/soulie-coste-floret.fr\/#organization\",\"name\":\"Souli\u00e9 - Coste Floret\",\"url\":\"https:\/\/soulie-coste-floret.fr\/\",\"logo\":{\"@type\":\"ImageObject\",\"inLanguage\":\"en-GB\",\"@id\":\"https:\/\/soulie-coste-floret.fr\/#\/schema\/logo\/image\/\",\"url\":\"https:\/\/soulie-coste-floret.fr\/wp-content\/uploads\/2023\/09\/cropped-logo-scf.png\",\"contentUrl\":\"https:\/\/soulie-coste-floret.fr\/wp-content\/uploads\/2023\/09\/cropped-logo-scf.png\",\"width\":384,\"height\":232,\"caption\":\"Souli\u00e9 - Coste Floret\"},\"image\":{\"@id\":\"https:\/\/soulie-coste-floret.fr\/#\/schema\/logo\/image\/\"}}]}<\/script>\n<!-- \/ Yoast SEO plugin. -->","yoast_head_json":{"title":"Le cabinet - Souli\u00e9 - Coste Floret","robots":{"index":"index","follow":"follow","max-snippet":"max-snippet:-1","max-image-preview":"max-image-preview:large","max-video-preview":"max-video-preview:-1"},"canonical":"https:\/\/soulie-coste-floret.fr\/en\/cabinet\/","og_locale":"en_GB","og_type":"article","og_title":"Le cabinet - Souli\u00e9 - Coste Floret","og_description":"Le Cabinet Depuis 40 ans, un cabinet qui s\u2019adapte aux besoins de ses clients Le cabinet dispose d\u2019une exp\u00e9rience et d\u2019un savoir-faire important dans l\u2019ensemble de ses secteurs d\u2019activit\u00e9, lui permettant d\u2019offrir \u00e0 sa client\u00e8le un service adapt\u00e9 en fonction des besoins, qu\u2019il s\u2019agisse de dossiers importants, nationaux ou internationaux, ou de contentieux dits \u00ab\u202fde [&hellip;]","og_url":"https:\/\/soulie-coste-floret.fr\/en\/cabinet\/","og_site_name":"Souli\u00e9 - Coste Floret","article_modified_time":"2023-10-09T09:46:22+00:00","twitter_card":"summary_large_image","twitter_misc":{"Estimated reading time":"2 minutes"},"schema":{"@context":"https:\/\/schema.org","@graph":[{"@type":"WebPage","@id":"https:\/\/soulie-coste-floret.fr\/cabinet\/","url":"https:\/\/soulie-coste-floret.fr\/cabinet\/","name":"Le cabinet - Souli\u00e9 - Coste Floret","isPartOf":{"@id":"https:\/\/soulie-coste-floret.fr\/#website"},"datePublished":"2023-06-13T15:13:59+00:00","dateModified":"2023-10-09T09:46:22+00:00","breadcrumb":{"@id":"https:\/\/soulie-coste-floret.fr\/cabinet\/#breadcrumb"},"inLanguage":"en-GB","potentialAction":[{"@type":"ReadAction","target":["https:\/\/soulie-coste-floret.fr\/cabinet\/"]}]},{"@type":"BreadcrumbList","@id":"https:\/\/soulie-coste-floret.fr\/cabinet\/#breadcrumb","itemListElement":[{"@type":"ListItem","position":1,"name":"Accueil","item":"https:\/\/soulie-coste-floret.fr\/"},{"@type":"ListItem","position":2,"name":"Le cabinet"}]},{"@type":"WebSite","@id":"https:\/\/soulie-coste-floret.fr\/#website","url":"https:\/\/soulie-coste-floret.fr\/","name":"Souli\u00e9 - Coste Floret","description":"","publisher":{"@id":"https:\/\/soulie-coste-floret.fr\/#organization"},"potentialAction":[{"@type":"SearchAction","target":{"@type":"EntryPoint","urlTemplate":"https:\/\/soulie-coste-floret.fr\/?s={search_term_string}"},"query-input":"required name=search_term_string"}],"inLanguage":"en-GB"},{"@type":"Organization","@id":"https:\/\/soulie-coste-floret.fr\/#organization","name":"Souli\u00e9 - Coste Floret","url":"https:\/\/soulie-coste-floret.fr\/","logo":{"@type":"ImageObject","inLanguage":"en-GB","@id":"https:\/\/soulie-coste-floret.fr\/#\/schema\/logo\/image\/","url":"https:\/\/soulie-coste-floret.fr\/wp-content\/uploads\/2023\/09\/cropped-logo-scf.png","contentUrl":"https:\/\/soulie-coste-floret.fr\/wp-content\/uploads\/2023\/09\/cropped-logo-scf.png","width":384,"height":232,"caption":"Souli\u00e9 - Coste Floret"},"image":{"@id":"https:\/\/soulie-coste-floret.fr\/#\/schema\/logo\/image\/"}}]}},"_links":{"self":[{"href":"https:\/\/soulie-coste-floret.fr\/en\/wp-json\/wp\/v2\/pages\/7","targetHints":{"allow":["GET"]}}],"collection":[{"href":"https:\/\/soulie-coste-floret.fr\/en\/wp-json\/wp\/v2\/pages"}],"about":[{"href":"https:\/\/soulie-coste-floret.fr\/en\/wp-json\/wp\/v2\/types\/page"}],"author":[{"embeddable":true,"href":"https:\/\/soulie-coste-floret.fr\/en\/wp-json\/wp\/v2\/users\/1"}],"replies":[{"embeddable":true,"href":"https:\/\/soulie-coste-floret.fr\/en\/wp-json\/wp\/v2\/comments?post=7"}],"version-history":[{"count":302,"href":"https:\/\/soulie-coste-floret.fr\/en\/wp-json\/wp\/v2\/pages\/7\/revisions"}],"predecessor-version":[{"id":2723,"href":"https:\/\/soulie-coste-floret.fr\/en\/wp-json\/wp\/v2\/pages\/7\/revisions\/2723"}],"wp:attachment":[{"href":"https:\/\/soulie-coste-floret.fr\/en\/wp-json\/wp\/v2\/media?parent=7"}],"curies":[{"name":"wp","href":"https:\/\/api.w.org\/{rel}","templated":true}]}}