{"id":988,"date":"2023-06-20T16:35:46","date_gmt":"2023-06-20T14:35:46","guid":{"rendered":"https:\/\/soulie-coste-floret.fr\/?page_id=988"},"modified":"2023-09-21T10:49:13","modified_gmt":"2023-09-21T08:49:13","slug":"valerie-lebras","status":"publish","type":"page","link":"https:\/\/soulie-coste-floret.fr\/en\/valerie-lebras\/","title":{"rendered":"Val\u00e9rie Lebras"},"content":{"rendered":"<div data-elementor-type=\"wp-page\" data-elementor-id=\"988\" class=\"elementor elementor-988\" data-elementor-post-type=\"page\">\n\t\t\t\t\t\t\t<div class=\"elementor-element elementor-element-34ebc37 e-con-full e-flex e-con e-parent\" data-id=\"34ebc37\" data-element_type=\"container\" data-settings=\"{&quot;content_width&quot;:&quot;full&quot;}\" data-core-v316-plus=\"true\">\n\t\t<div class=\"elementor-element elementor-element-6514ff1 e-con-full e-flex e-con e-parent\" data-id=\"6514ff1\" data-element_type=\"container\" data-settings=\"{&quot;content_width&quot;:&quot;full&quot;,&quot;background_background&quot;:&quot;classic&quot;}\" data-core-v316-plus=\"true\">\n\t\t<a class=\"elementor-element elementor-element-4eb6c0f elementor-hidden-mobile e-flex e-con-boxed e-con e-parent\" data-id=\"4eb6c0f\" data-element_type=\"container\" data-settings=\"{&quot;content_width&quot;:&quot;boxed&quot;}\" data-core-v316-plus=\"true\" href=\"https:\/\/soulie-coste-floret.fr\/en\/equipe\/\">\n\t\t\t\t\t<div class=\"e-con-inner\">\n\t\t\t\t<div class=\"elementor-element elementor-element-6e77b8f elementor-widget elementor-widget-heading\" data-id=\"6e77b8f\" data-element_type=\"widget\" data-widget_type=\"heading.default\">\n\t\t\t\t<div class=\"elementor-widget-container\">\n\t\t\t<style>\/*! elementor - v3.18.0 - 20-12-2023 *\/\n.elementor-heading-title{padding:0;margin:0;line-height:1}.elementor-widget-heading .elementor-heading-title[class*=elementor-size-]>a{color:inherit;font-size:inherit;line-height:inherit}.elementor-widget-heading .elementor-heading-title.elementor-size-small{font-size:15px}.elementor-widget-heading .elementor-heading-title.elementor-size-medium{font-size:19px}.elementor-widget-heading .elementor-heading-title.elementor-size-large{font-size:29px}.elementor-widget-heading .elementor-heading-title.elementor-size-xl{font-size:39px}.elementor-widget-heading .elementor-heading-title.elementor-size-xxl{font-size:59px}<\/style><h2 class=\"elementor-heading-title elementor-size-default\">The Team<\/h2>\t\t<\/div>\n\t\t\t\t<\/div>\n\t\t\t\t<div class=\"elementor-element elementor-element-8a2c435 elementor-view-default elementor-widget elementor-widget-icon\" data-id=\"8a2c435\" data-element_type=\"widget\" data-widget_type=\"icon.default\">\n\t\t\t\t<div class=\"elementor-widget-container\">\n\t\t\t\t\t<div class=\"elementor-icon-wrapper\">\n\t\t\t<div class=\"elementor-icon\">\n\t\t\t<i aria-hidden=\"true\" class=\"fas fa-long-arrow-alt-left\"><\/i>\t\t\t<\/div>\n\t\t<\/div>\n\t\t\t\t<\/div>\n\t\t\t\t<\/div>\n\t\t\t\t\t<\/div>\n\t\t\t\t<\/a>\n\t\t\t\t<\/div>\n\t\t<div class=\"elementor-element elementor-element-502f3c0 e-con-full e-flex e-con e-parent\" data-id=\"502f3c0\" data-element_type=\"container\" data-settings=\"{&quot;content_width&quot;:&quot;full&quot;}\" data-core-v316-plus=\"true\">\n\t\t<div class=\"elementor-element elementor-element-09ec8a7 e-con-full e-flex e-con e-parent\" data-id=\"09ec8a7\" data-element_type=\"container\" data-settings=\"{&quot;content_width&quot;:&quot;full&quot;}\" data-core-v316-plus=\"true\">\n\t\t<a class=\"elementor-element elementor-element-d97fb5b elementor-hidden-desktop elementor-hidden-tablet e-flex e-con-boxed e-con e-parent\" data-id=\"d97fb5b\" data-element_type=\"container\" data-settings=\"{&quot;content_width&quot;:&quot;boxed&quot;}\" data-core-v316-plus=\"true\" href=\"https:\/\/soulie-coste-floret.fr\/en\/equipe\/\">\n\t\t\t\t\t<div class=\"e-con-inner\">\n\t\t\t\t<div class=\"elementor-element elementor-element-06e0a04 elementor-widget elementor-widget-heading\" data-id=\"06e0a04\" data-element_type=\"widget\" data-widget_type=\"heading.default\">\n\t\t\t\t<div class=\"elementor-widget-container\">\n\t\t\t<h2 class=\"elementor-heading-title elementor-size-default\">The Team<\/h2>\t\t<\/div>\n\t\t\t\t<\/div>\n\t\t\t\t<div class=\"elementor-element elementor-element-b27a362 elementor-view-default elementor-widget elementor-widget-icon\" data-id=\"b27a362\" data-element_type=\"widget\" data-widget_type=\"icon.default\">\n\t\t\t\t<div class=\"elementor-widget-container\">\n\t\t\t\t\t<div class=\"elementor-icon-wrapper\">\n\t\t\t<div class=\"elementor-icon\">\n\t\t\t<i aria-hidden=\"true\" class=\"fas fa-long-arrow-alt-left\"><\/i>\t\t\t<\/div>\n\t\t<\/div>\n\t\t\t\t<\/div>\n\t\t\t\t<\/div>\n\t\t\t\t\t<\/div>\n\t\t\t\t<\/a>\n\t\t<div class=\"elementor-element elementor-element-324cd42 e-con-full e-flex e-con e-parent\" data-id=\"324cd42\" data-element_type=\"container\" data-settings=\"{&quot;content_width&quot;:&quot;full&quot;}\" data-core-v316-plus=\"true\">\n\t\t\t\t<div class=\"elementor-element elementor-element-91ac76a elementor-widget elementor-widget-heading\" data-id=\"91ac76a\" data-element_type=\"widget\" data-widget_type=\"heading.default\">\n\t\t\t\t<div class=\"elementor-widget-container\">\n\t\t\t<span class=\"elementor-heading-title elementor-size-default\">PARTNER<\/span>\t\t<\/div>\n\t\t\t\t<\/div>\n\t\t\t\t<div class=\"elementor-element elementor-element-e76cbb5 elementor-widget elementor-widget-heading\" data-id=\"e76cbb5\" data-element_type=\"widget\" data-widget_type=\"heading.default\">\n\t\t\t\t<div class=\"elementor-widget-container\">\n\t\t\t<span class=\"elementor-heading-title elementor-size-default\">Val\u00e9rie LE BRAS<\/span>\t\t<\/div>\n\t\t\t\t<\/div>\n\t\t\t\t<div class=\"elementor-element elementor-element-c700c83 elementor-widget elementor-widget-heading\" data-id=\"c700c83\" data-element_type=\"widget\" data-widget_type=\"heading.default\">\n\t\t\t\t<div class=\"elementor-widget-container\">\n\t\t\t<span class=\"elementor-heading-title elementor-size-default\">v.lebras@coste-floret.com<\/span>\t\t<\/div>\n\t\t\t\t<\/div>\n\t\t\t\t<div class=\"elementor-element elementor-element-00ee3d9 elementor-widget elementor-widget-heading\" data-id=\"00ee3d9\" data-element_type=\"widget\" data-widget_type=\"heading.default\">\n\t\t\t\t<div class=\"elementor-widget-container\">\n\t\t\t<span class=\"elementor-heading-title elementor-size-default\">Sworn in as a member of the bar: 1999<\/span>\t\t<\/div>\n\t\t\t\t<\/div>\n\t\t\t\t<div class=\"elementor-element elementor-element-b4ddb04 elementor-widget elementor-widget-text-editor\" data-id=\"b4ddb04\" data-element_type=\"widget\" data-widget_type=\"text-editor.default\">\n\t\t\t\t<div class=\"elementor-widget-container\">\n\t\t\t<style>\/*! elementor - v3.18.0 - 20-12-2023 *\/\n.elementor-widget-text-editor.elementor-drop-cap-view-stacked .elementor-drop-cap{background-color:#69727d;color:#fff}.elementor-widget-text-editor.elementor-drop-cap-view-framed .elementor-drop-cap{color:#69727d;border:3px solid;background-color:transparent}.elementor-widget-text-editor:not(.elementor-drop-cap-view-default) .elementor-drop-cap{margin-top:8px}.elementor-widget-text-editor:not(.elementor-drop-cap-view-default) .elementor-drop-cap-letter{width:1em;height:1em}.elementor-widget-text-editor .elementor-drop-cap{float:left;text-align:center;line-height:1;font-size:50px}.elementor-widget-text-editor .elementor-drop-cap-letter{display:inline-block}<\/style>\t\t\t\t<p class=\" translation-block\">Main areas of expertise: Labour Law, Social Security Law, Personal Injury.<\/p>\t\t\t\t\t\t<\/div>\n\t\t\t\t<\/div>\n\t\t\t\t<\/div>\n\t\t\t\t<\/div>\n\t\t<div class=\"elementor-element elementor-element-33b856d e-con-full e-flex e-con e-parent\" data-id=\"33b856d\" data-element_type=\"container\" data-settings=\"{&quot;content_width&quot;:&quot;full&quot;,&quot;background_background&quot;:&quot;classic&quot;}\" data-core-v316-plus=\"true\">\n\t\t<div class=\"elementor-element elementor-element-116c083 e-flex e-con-boxed e-con e-parent\" data-id=\"116c083\" data-element_type=\"container\" data-settings=\"{&quot;content_width&quot;:&quot;boxed&quot;}\" data-core-v316-plus=\"true\">\n\t\t\t\t\t<div class=\"e-con-inner\">\n\t\t<div class=\"elementor-element elementor-element-ee8411e e-flex e-con-boxed e-con e-parent\" data-id=\"ee8411e\" data-element_type=\"container\" data-settings=\"{&quot;content_width&quot;:&quot;boxed&quot;}\" data-core-v316-plus=\"true\">\n\t\t\t\t\t<div class=\"e-con-inner\">\n\t\t<div class=\"elementor-element elementor-element-def1c44 e-flex e-con-boxed e-con e-parent\" data-id=\"def1c44\" data-element_type=\"container\" data-settings=\"{&quot;content_width&quot;:&quot;boxed&quot;}\" data-core-v316-plus=\"true\">\n\t\t\t\t\t<div class=\"e-con-inner\">\n\t\t\t\t<div class=\"elementor-element elementor-element-027b766 elementor-widget elementor-widget-text-editor\" data-id=\"027b766\" data-element_type=\"widget\" data-widget_type=\"text-editor.default\">\n\t\t\t\t<div class=\"elementor-widget-container\">\n\t\t\t\t\t\t\t<p class=\" translation-block\">Val\u00e9rie LE BRAS is one of the partners in charge of the firm\u2019s Social Security department. She holds a postgraduate diploma (DEA) in private law from Fran\u00e7ois Rabelais University in Tours. She also worked as a lecturer for two years at the same university.<\/p><p>She began her career in Orl\u00e9ans in 1999 before joining the firm in 2004. She became a partner in 2011.<\/p><p>Her area of practice is labour law. She gives advice and provides assistance with litigation and negotiation. She regularly pleads before the labour courts throughout France.<\/p><p>She has acquired specific expertise in the area of employers' gross negligence before the Social Security courts and participated in the shaping of case law pertaining to the interpretation of the Constitutional Council's decision of 18 June 2010 on compensation for victims.<\/p><p>She has also developed special expertise in compensation for personal injury, her experience in labour law being an asset when it comes to claiming compensation for loss of current and future professional earnings, which are often very significant heads of loss.<\/p>\t\t\t\t\t\t<\/div>\n\t\t\t\t<\/div>\n\t\t\t\t\t<\/div>\n\t\t\t\t<\/div>\n\t\t\t\t\t<\/div>\n\t\t\t\t<\/div>\n\t\t\t\t\t<\/div>\n\t\t\t\t<\/div>\n\t\t\t\t<\/div>\n\t\t\t\t<\/div>\n\t\t\t\t<\/div>\n\t\t\t\t\t\t\t<\/div>","protected":false},"excerpt":{"rendered":"<p>L&rsquo;\u00e9quipe L&rsquo;\u00e9quipe Avocat Associ\u00e9 Val\u00e9rie LE BRAS v.lebras@coste-floret.com Ann\u00e9e de prestation de serment : 1999 Principaux domaines d\u2019expertise :\u00a0Droit du Travail, Droit de la S\u00e9curit\u00e9 Sociale, r\u00e9paration du pr\u00e9judice corporel. Val\u00e9rie LE BRAS\u00a0est l\u2019un des associ\u00e9s en charge du d\u00e9partement Social du Cabinet. Elle est titulaire d\u2019un DEA de droit Priv\u00e9 de l\u2019Universit\u00e9 Francois Rabelais [&hellip;]<\/p>","protected":false},"author":1,"featured_media":0,"parent":0,"menu_order":0,"comment_status":"closed","ping_status":"closed","template":"elementor_header_footer","meta":{"footnotes":""},"class_list":["post-988","page","type-page","status-publish","hentry"],"acf":[],"yoast_head":"<!-- This site is optimized with the Yoast SEO plugin v21.9 - https:\/\/yoast.com\/wordpress\/plugins\/seo\/ -->\n<title>Val\u00e9rie Lebras - Souli\u00e9 - Coste Floret<\/title>\n<meta name=\"robots\" content=\"index, follow, max-snippet:-1, max-image-preview:large, max-video-preview:-1\" \/>\n<link rel=\"canonical\" href=\"https:\/\/soulie-coste-floret.fr\/en\/valerie-lebras\/\" \/>\n<meta property=\"og:locale\" content=\"en_GB\" \/>\n<meta property=\"og:type\" content=\"article\" \/>\n<meta property=\"og:title\" content=\"Val\u00e9rie Lebras - Souli\u00e9 - Coste Floret\" \/>\n<meta property=\"og:description\" content=\"L&rsquo;\u00e9quipe L&rsquo;\u00e9quipe Avocat Associ\u00e9 Val\u00e9rie LE BRAS v.lebras@coste-floret.com Ann\u00e9e de prestation de serment : 1999 Principaux domaines d\u2019expertise :\u00a0Droit du Travail, Droit de la S\u00e9curit\u00e9 Sociale, r\u00e9paration du pr\u00e9judice corporel. Val\u00e9rie LE BRAS\u00a0est l\u2019un des associ\u00e9s en charge du d\u00e9partement Social du Cabinet. Elle est titulaire d\u2019un DEA de droit Priv\u00e9 de l\u2019Universit\u00e9 Francois Rabelais [&hellip;]\" \/>\n<meta property=\"og:url\" content=\"https:\/\/soulie-coste-floret.fr\/en\/valerie-lebras\/\" \/>\n<meta property=\"og:site_name\" content=\"Souli\u00e9 - Coste Floret\" \/>\n<meta property=\"article:modified_time\" content=\"2023-09-21T08:49:13+00:00\" \/>\n<meta name=\"twitter:card\" content=\"summary_large_image\" \/>\n<meta name=\"twitter:label1\" content=\"Estimated reading time\" \/>\n\t<meta name=\"twitter:data1\" content=\"1 minute\" \/>\n<script type=\"application\/ld+json\" class=\"yoast-schema-graph\">{\"@context\":\"https:\/\/schema.org\",\"@graph\":[{\"@type\":\"WebPage\",\"@id\":\"https:\/\/soulie-coste-floret.fr\/valerie-lebras\/\",\"url\":\"https:\/\/soulie-coste-floret.fr\/valerie-lebras\/\",\"name\":\"Val\u00e9rie Lebras - Souli\u00e9 - Coste Floret\",\"isPartOf\":{\"@id\":\"https:\/\/soulie-coste-floret.fr\/#website\"},\"datePublished\":\"2023-06-20T14:35:46+00:00\",\"dateModified\":\"2023-09-21T08:49:13+00:00\",\"breadcrumb\":{\"@id\":\"https:\/\/soulie-coste-floret.fr\/valerie-lebras\/#breadcrumb\"},\"inLanguage\":\"en-GB\",\"potentialAction\":[{\"@type\":\"ReadAction\",\"target\":[\"https:\/\/soulie-coste-floret.fr\/valerie-lebras\/\"]}]},{\"@type\":\"BreadcrumbList\",\"@id\":\"https:\/\/soulie-coste-floret.fr\/valerie-lebras\/#breadcrumb\",\"itemListElement\":[{\"@type\":\"ListItem\",\"position\":1,\"name\":\"Accueil\",\"item\":\"https:\/\/soulie-coste-floret.fr\/\"},{\"@type\":\"ListItem\",\"position\":2,\"name\":\"Val\u00e9rie Lebras\"}]},{\"@type\":\"WebSite\",\"@id\":\"https:\/\/soulie-coste-floret.fr\/#website\",\"url\":\"https:\/\/soulie-coste-floret.fr\/\",\"name\":\"Souli\u00e9 - Coste Floret\",\"description\":\"\",\"publisher\":{\"@id\":\"https:\/\/soulie-coste-floret.fr\/#organization\"},\"potentialAction\":[{\"@type\":\"SearchAction\",\"target\":{\"@type\":\"EntryPoint\",\"urlTemplate\":\"https:\/\/soulie-coste-floret.fr\/?s={search_term_string}\"},\"query-input\":\"required name=search_term_string\"}],\"inLanguage\":\"en-GB\"},{\"@type\":\"Organization\",\"@id\":\"https:\/\/soulie-coste-floret.fr\/#organization\",\"name\":\"Souli\u00e9 - Coste Floret\",\"url\":\"https:\/\/soulie-coste-floret.fr\/\",\"logo\":{\"@type\":\"ImageObject\",\"inLanguage\":\"en-GB\",\"@id\":\"https:\/\/soulie-coste-floret.fr\/#\/schema\/logo\/image\/\",\"url\":\"https:\/\/soulie-coste-floret.fr\/wp-content\/uploads\/2023\/09\/cropped-logo-scf.png\",\"contentUrl\":\"https:\/\/soulie-coste-floret.fr\/wp-content\/uploads\/2023\/09\/cropped-logo-scf.png\",\"width\":384,\"height\":232,\"caption\":\"Souli\u00e9 - Coste Floret\"},\"image\":{\"@id\":\"https:\/\/soulie-coste-floret.fr\/#\/schema\/logo\/image\/\"}}]}<\/script>\n<!-- \/ Yoast SEO plugin. -->","yoast_head_json":{"title":"Val\u00e9rie Lebras - Souli\u00e9 - Coste Floret","robots":{"index":"index","follow":"follow","max-snippet":"max-snippet:-1","max-image-preview":"max-image-preview:large","max-video-preview":"max-video-preview:-1"},"canonical":"https:\/\/soulie-coste-floret.fr\/en\/valerie-lebras\/","og_locale":"en_GB","og_type":"article","og_title":"Val\u00e9rie Lebras - Souli\u00e9 - Coste Floret","og_description":"L&rsquo;\u00e9quipe L&rsquo;\u00e9quipe Avocat Associ\u00e9 Val\u00e9rie LE BRAS v.lebras@coste-floret.com Ann\u00e9e de prestation de serment : 1999 Principaux domaines d\u2019expertise :\u00a0Droit du Travail, Droit de la S\u00e9curit\u00e9 Sociale, r\u00e9paration du pr\u00e9judice corporel. Val\u00e9rie LE BRAS\u00a0est l\u2019un des associ\u00e9s en charge du d\u00e9partement Social du Cabinet. Elle est titulaire d\u2019un DEA de droit Priv\u00e9 de l\u2019Universit\u00e9 Francois Rabelais [&hellip;]","og_url":"https:\/\/soulie-coste-floret.fr\/en\/valerie-lebras\/","og_site_name":"Souli\u00e9 - Coste Floret","article_modified_time":"2023-09-21T08:49:13+00:00","twitter_card":"summary_large_image","twitter_misc":{"Estimated reading time":"1 minute"},"schema":{"@context":"https:\/\/schema.org","@graph":[{"@type":"WebPage","@id":"https:\/\/soulie-coste-floret.fr\/valerie-lebras\/","url":"https:\/\/soulie-coste-floret.fr\/valerie-lebras\/","name":"Val\u00e9rie Lebras - Souli\u00e9 - Coste Floret","isPartOf":{"@id":"https:\/\/soulie-coste-floret.fr\/#website"},"datePublished":"2023-06-20T14:35:46+00:00","dateModified":"2023-09-21T08:49:13+00:00","breadcrumb":{"@id":"https:\/\/soulie-coste-floret.fr\/valerie-lebras\/#breadcrumb"},"inLanguage":"en-GB","potentialAction":[{"@type":"ReadAction","target":["https:\/\/soulie-coste-floret.fr\/valerie-lebras\/"]}]},{"@type":"BreadcrumbList","@id":"https:\/\/soulie-coste-floret.fr\/valerie-lebras\/#breadcrumb","itemListElement":[{"@type":"ListItem","position":1,"name":"Accueil","item":"https:\/\/soulie-coste-floret.fr\/"},{"@type":"ListItem","position":2,"name":"Val\u00e9rie Lebras"}]},{"@type":"WebSite","@id":"https:\/\/soulie-coste-floret.fr\/#website","url":"https:\/\/soulie-coste-floret.fr\/","name":"Souli\u00e9 - Coste Floret","description":"","publisher":{"@id":"https:\/\/soulie-coste-floret.fr\/#organization"},"potentialAction":[{"@type":"SearchAction","target":{"@type":"EntryPoint","urlTemplate":"https:\/\/soulie-coste-floret.fr\/?s={search_term_string}"},"query-input":"required name=search_term_string"}],"inLanguage":"en-GB"},{"@type":"Organization","@id":"https:\/\/soulie-coste-floret.fr\/#organization","name":"Souli\u00e9 - Coste Floret","url":"https:\/\/soulie-coste-floret.fr\/","logo":{"@type":"ImageObject","inLanguage":"en-GB","@id":"https:\/\/soulie-coste-floret.fr\/#\/schema\/logo\/image\/","url":"https:\/\/soulie-coste-floret.fr\/wp-content\/uploads\/2023\/09\/cropped-logo-scf.png","contentUrl":"https:\/\/soulie-coste-floret.fr\/wp-content\/uploads\/2023\/09\/cropped-logo-scf.png","width":384,"height":232,"caption":"Souli\u00e9 - Coste Floret"},"image":{"@id":"https:\/\/soulie-coste-floret.fr\/#\/schema\/logo\/image\/"}}]}},"_links":{"self":[{"href":"https:\/\/soulie-coste-floret.fr\/en\/wp-json\/wp\/v2\/pages\/988","targetHints":{"allow":["GET"]}}],"collection":[{"href":"https:\/\/soulie-coste-floret.fr\/en\/wp-json\/wp\/v2\/pages"}],"about":[{"href":"https:\/\/soulie-coste-floret.fr\/en\/wp-json\/wp\/v2\/types\/page"}],"author":[{"embeddable":true,"href":"https:\/\/soulie-coste-floret.fr\/en\/wp-json\/wp\/v2\/users\/1"}],"replies":[{"embeddable":true,"href":"https:\/\/soulie-coste-floret.fr\/en\/wp-json\/wp\/v2\/comments?post=988"}],"version-history":[{"count":22,"href":"https:\/\/soulie-coste-floret.fr\/en\/wp-json\/wp\/v2\/pages\/988\/revisions"}],"predecessor-version":[{"id":2352,"href":"https:\/\/soulie-coste-floret.fr\/en\/wp-json\/wp\/v2\/pages\/988\/revisions\/2352"}],"wp:attachment":[{"href":"https:\/\/soulie-coste-floret.fr\/en\/wp-json\/wp\/v2\/media?parent=988"}],"curies":[{"name":"wp","href":"https:\/\/api.w.org\/{rel}","templated":true}]}}